{"id":656,"date":"2022-03-15T01:36:39","date_gmt":"2022-03-15T06:36:39","guid":{"rendered":"http:\/\/bryanschwartzlaw.com\/decisiones-finales-selectas\/"},"modified":"2025-03-13T07:11:24","modified_gmt":"2025-03-13T12:11:24","slug":"decisiones-finales-selectas","status":"publish","type":"page","link":"https:\/\/www.bryanschwartzlaw.com\/es\/decisiones-finales-selectas\/","title":{"rendered":"Decisiones Finales Selectas"},"content":{"rendered":"<p><img decoding=\"async\" src=\"https:\/\/www.bryanschwartzlaw.com\/wp-content\/uploads\/2022\/03\/decisiones-finales-selectas.jpeg\" alt=\"decisiones-finales-selectas\" title=\"\"><\/p>\n<p><a href=\"\/s\/05-11-15.pdf\" target=\"_blank\" rel=\"noopener\"><strong>In re Arthur J. Parent, Jr., 15-bk-10290-CB<\/strong>\u00a0<\/a>(C.D. Cal. Bkr. May 11, 2015) (orden donde se sanciona al due\u00f1o individual y co-empleador demandado en caso de sueldo\/hora por presentar un caso fr\u00edvolo de bancarrota en el transcurso del juicio en el Tribunal Superior; honorarios completos fueron pagados al Bufete de Brian Schwartz y los abogados conjuntos por el proceso de bancarrota).<\/p>\n<p><strong><a href=\"\/s\/BofA-307.pdf\" target=\"_blank\" rel=\"noopener\">Boyd, et al. v. Bank of America, et al., 13-cv-00561-DOC, Dkt. #307<\/a>\u00a0<\/strong>(C.D. Cal. May 6, 2015)(orden otorgando fallo sumario parcial a demandantes sosteniendo que evaluadores de bienes ra\u00edces residenciales tienen derecho a pago de tiempo extra, y negando la moci\u00f3n de demandados que buscaba eliminar los reclamos de evaluadores que fueron negados tiempos de descanso y comida, y por multas por leyes de sueldo estatales y federales).<\/p>\n<p><strong><a href=\"\/s\/Milan.pdf\" target=\"_blank\" rel=\"noopener\">Ford, et al. v. Yasuda, et al., 13-cv-1961 (PSG), Dkt. #101<\/a>\u00a0<\/strong>(April 29, 2015) (orden negando una moci\u00f3n para obligar arbitraje basado en una renuncia, en donde, despu\u00e9s de perder la moci\u00f3n para desechar asuntos b\u00e1sicos en el caso, los demandados buscaron primero obligar arbitraje cuando el litigio ya llevaba 17 meses).<\/p>\n<p><strong><a href=\"\/s\/Lee-v-JPMC-final-approval-order.pdf\" target=\"_blank\" rel=\"noopener\">Lee, et al. v. JPMorgan Chase, et al., Civ. 13-1511 (JLS), Dkt. #95<\/a><\/strong>\u00a0(C.D. Cal. April 28, 2015) (orden otorgando aprobaci\u00f3n final de acuerdo por 2.4 millones para evaluadores en la Divisi\u00f3n Comercial de Prestamos de Termino de Chase, incluyendo desagravios prospectivos).<\/p>\n<p><strong><a href=\"\/s\/Meyer-v-State-Dept-denial-of-reconsideration-request.pdf\" target=\"_blank\" rel=\"noopener\">Meyer v. Kerry (Dept. of State), EEOC Request No. 0520140506 <\/a><\/strong>(February 19, 2015) (orden rehusando a reconsiderar la orden de EEOC afirmando clasificaci\u00f3n de demandantes colectivos para solicitantes al Servicio Exterior que fueron negados o sufrieron retraso en contrataci\u00f3n debido a sus discapacidades, basado en las reglas de \u201cdisponibilidad global\u201d).<\/p>\n<p><a href=\"\/s\/Boyd-v-BofA-order-granting-final-settlement-approval.pdf\" target=\"_blank\" rel=\"noopener\"><strong>Boyd, et al. v. Bank of America, et al., 13-cv-00561-DOC,<\/strong>\u00a0<\/a><a href=\"#\"><strong>2014 WL 6473804<\/strong><\/a> (C.D. Cal. Nov. 18, 2014)(orden otorgando aprobaci\u00f3n final de $5.8 millones nacionalmente, para acuerdo de demanda de clase mas re-clasificaci\u00f3n de posiciones de evaluadores de revisi\u00f3n como no-exentos de las leyes de sueldo, confirmando recompensas de incremento a demandantes nombrados y un tercio en honorarios de abogados, mas costo, al abogado de los demandantes colectivos el Bufete de Brian Schwartz, y abogados conjuntos).<\/p>\n<p><a href=\"\/s\/Lee-v-JPMC-preliminary-approval.pdf\" target=\"_blank\" rel=\"noopener\"><strong>Lee, et al. v. JPMorgan Chase, et al., Civ. 13-1511 (JLS), Dkt. #78 <\/strong><\/a>(C.D. Cal. November 13, 2014) (orden otorgando aprobaci\u00f3n preliminar deacuerdo de $2.4 millones en favor de 158 miembros de demanda colectiva, evaluadores en la divisi\u00f3n de Prestamos de Termino Comerciales de Chase, y nombrando a Bryan Schwartz como abogado conjunto).<\/p>\n<p><strong><a href=\"\/s\/Quiles-v-Kojis-11-07-14.pdf\" target=\"_blank\" rel=\"noopener\">Quiles, et al. v. Koji&#8217;s Japan Inc., et al., Civ. No. 30-2010-00425532-CU-OE-CXC, Dkt. #831<\/a><\/strong>(Orange County Superior Court November 7, 2014) (orden negando la moci\u00f3n de los demandados para un fallo sumario o adjudicaci\u00f3n sumaria, presentado por due\u00f1o individual y el due\u00f1ode otra compa\u00f1\u00eda como co-empleadores y alegaciones de \u201calter ego\u201d, y negando fallo sumario en reclamo de despido err\u00f3neo por represalia por l\u00edder demandante de los demandantes colectivos).<\/p>\n<p><strong><a href=\"\/s\/Supershuttle-10-31-14.pdf\" target=\"_blank\" rel=\"noopener\">Kairy, et al. v. Supershuttle, et al., Case No. 08-CV-02993 JSW, Dkt. #404<\/a><\/strong>\u00a0(N.D. Cal. Nov. 3, 2014) (orden otorgando aprobaci\u00f3n de $12 millonesmasmedidas cautelares para choferes de camionetas del aeropuerto; el Bufete de Brian Schwartz represento a la sub-clase de choferes secundarios que trabajaron para franquicias\/operadores primarios).<\/p>\n<p><strong><a href=\"\/s\/Landmark-OrderGrantingFinalApproval.pdf\" target=\"_blank\" rel=\"noopener\">Garcia, et al. v. Landmark Hospitality, et al., Case No. CGC-13-532871<\/a>\u00a0<\/strong>(S.F. Superior Court August 25, 2014) (orden otorgando aprobaci\u00f3n de $12 millonesmasmedidas cautelares para choferes de camionetas del aeropuerto; el Bufete de Brian Schwartz represento a la sub-clase de choferes secundarios que trabajaron para franquicias\/operadores primarios).<\/p>\n<p><strong><a href=\"\/s\/Ford.pdf\" target=\"_blank\" rel=\"noopener\">Ford v. Yasuda, et al., 13-cv-1961 PSG <\/a><\/strong>(C.D. Cal. July 30, 2014) (sosteniendo que la definici\u00f3n de \u201cempleador\u201d\u00a0 en elBodigo Laboral de California estudiantes de la escuela de Cosmetolog\u00eda trabajando para salones de belleza con fines de lucro).<\/p>\n<p><strong><a href=\"\/s\/Boyd-v-BofA-class-cert-decision.pdf\" target=\"_blank\" rel=\"noopener\">Boyd, et al. v. Bank of America, et al., 300 F.R.D. 431 <\/a><\/strong>(C.D. Cal. June 27, 2014) (orden otorgando certificaci\u00f3n de demandantes colectivos en caso que alegaba clasificaci\u00f3n err\u00f3nea de evaluadores de bienes ra\u00edces como exentos de las leyes de sueldo y nombrando el Bufete deBryan Schwartz y abogados conjuntos como abogados de los demandantes colectivos).<\/p>\n<p><strong><a href=\"\/s\/Boyd-prelim-approval-order.pdf\" target=\"_blank\" rel=\"noopener\">Boyd, et al. v. Bank of America, et al., 13-cv-00561-DOC, Dkt. #229<\/a><\/strong>\u00a0(C.D. Cal. June 23, 2014) (orden otorgando aprobaci\u00f3n preliminar de $5.8 millones nacionalmente, acuerdo en la demanda colectiva, mas re-clasificaci\u00f3n de la posici\u00f3n de evaluadores de revisi\u00f3n como no-exentos de las leyes de sueldo, nombrando el Bufete deBryan Schwartzy abogados conjuntos como abogados de los demandantes colectivos).<\/p>\n<p><strong><a href=\"\/s\/Supershuttle.pdf\" target=\"_blank\" rel=\"noopener\">Kairy, et al. v. Supershuttle, et al., Case No. 08-CV-02993 JSW, Dkt. #388 <\/a><\/strong>(N.D. Cal. June 12, 2014) (orden otorgando aprobaci\u00f3n preliminar de $12 millones en acuerdo de demanda colectiva mas medidas cautelares significativas para choferes de camionetas del aeropuerto, nombrando al Bufete de Brian Schwartz como abogado para una sub-clase).<\/p>\n<p><a href=\"\/s\/Meyer-class-certification-decision.pdf\" target=\"_blank\" rel=\"noopener\"><strong>Meyer v. Kerry (Dept. of State), EEOC Appeal No. 0720110007<\/strong>\u00a0<\/a>(June 6, 2014) (orden afirmando certificaci\u00f3n de los demandantes colectivos para solicitantes al Servicio Exterior que fueron negados o sufrieron retrasos en contrataci\u00f3n debido a sus discapacidades, basado en la regla de \u201cdisponibilidad global).<\/p>\n<p><strong><a href=\"\/s\/14-02-07.pdf\" target=\"_blank\" rel=\"noopener\">Garcia, et al. v. Landmark Hospitality, et al., Case No. CGC-13-532871<\/a>\u00a0<\/strong>(S.F. Superior Court February 7, 2014) (orden otorgando aprobaci\u00f3n preliminar de acuerdo en demanda colectiva para proveer compensaci\u00f3n en caso presentado por trabajadores de sueldo m\u00ednimo de bar\/restaurante que alegaban infracciones de tiempo de comer y descanso y otras infracciones de sueldo).<\/p>\n<p><strong><a href=\"\/s\/14-01-24.pdf\" target=\"_blank\" rel=\"noopener\">Wright, et al. v. Adventures Rolling Cross Country, et al., Civ. 12-00982, Dkt. #174 <\/a><\/strong>(N.D. Cal. January 24, 2014) (orden otorgando aprobaci\u00f3n final del acuerdo en demanda colectiva, compensando Lideres de Viaje de viajes para adolescentes y re-clasificando empleados como no-exentos y con derecho a salario m\u00ednimo\/tiempo extra por todas las horas trabajadas den este pa\u00eds).<\/p>\n<p><strong><a href=\"\/s\/Boyd-216b-order.pdf\" target=\"_blank\" rel=\"noopener\">Boyd, et al. v. Bank of America, et al., Case No. SACV 13-0561-DOC <\/a><\/strong>(United States District Court for the Central District of California December 11, 2013) (orden otorgando certificaci\u00f3n condicional bajo la Fair Labor Standards Act 29 U.S.C. sec. 216(b) a evaluadores y evaluadores de revisi\u00f3n como demandantes colectivos a nivel nacional quienes alegaron que fueron clasifica<br \/>\ndos err\u00f3neamente como exentos de pago de tiempo extra, y tambi\u00e9n ordenando que se emitiera una notificaci\u00f3n aprobada por la corte).<\/p>\n<p><strong><a href=\"\/s\/Azadi-v-Carey-Final-Approval-Order.pdf\" target=\"_blank\" rel=\"noopener\">Azadi, et al. v. Carey Limousine, et al., Case No. CGC-12-527396<\/a><\/strong>\u00a0(S.F. Superior Court November 12, 2013) (orden otorgando aprobaci\u00f3n final del acuerdo en la demanda de clase compensando choferes de limusina que alegaron que fueron clasificados err\u00f3neamente como contratistas independientes).<\/p>\n<p><strong><a href=\"\/s\/Lee-v-JPMC-order-regarding-class-arbitration.pdf\" target=\"_blank\" rel=\"noopener\">Lee, et al. v. JPMorgan Chase, et al., Civ. 13-1511 (JLS), Dkt. #63 <\/a><\/strong>(C.D. Cal. November 14, 2013) (orden negando la moci\u00f3n de los demandados para que la corre decidiera la cuesti\u00f3n sobre demanda individual vs. colectiva y negando la moci\u00f3n para obligar arbitraje atendido individualmente).<\/p>\n<p><strong><a href=\"\/s\/Wright-9-24-13-n33u.pdf\">Wright, et al. v. Adventures Rolling Cross Country, et al., Civ. 12-00982, Dkt. #164<\/a>\u00a0<\/strong>(N.D. Cal. September 24, 2013) (orden otorgando aprobaci\u00f3n individual de acuerdo en demanda colectiva, para proveer compensaci\u00f3n a previos Lideres de Viaje y re-clasificando la posici\u00f3n de L\u00edder de Viaje para asegurar pago de salario m\u00ednimo y tiempo extra).<\/p>\n<p><strong><a href=\"\/s\/7-23-13.pdf\" target=\"_blank\" rel=\"noopener\">Azadi, et al. v. Carey Limousine, et al., Case No. CGC-12-527396 <\/a><\/strong>(S.F. Superior Court July 23, 2013) (orden otorgando aprobaci\u00f3n preliminar de acuerdo en demanda colectiva. Para proveer compensaci\u00f3n para choferes de limusina que alegaron fueron clasificados err\u00f3neamente como contratistas independientes).<\/p>\n<p><strong><a href=\"\/s\/5-6-13.pdf\" target=\"_blank\" rel=\"noopener\">Quiles, et al. v. Koji&#8217;s Japan Inc., et al., Civ. No. 30-2010-00425532-CU-OE-CXC, Dkt. #346 <\/a><\/strong>(Orange County Superior Court May 6, 2013) (orden otorgando certificaci\u00f3n a demandantes colectivos que alegaron infracciones de tiempos de comida y descanso y arreglo ilegal de distribuci\u00f3n de propinas).<\/p>\n<p><a href=\"\/s\/Wright-4-24-13.pdf\" target=\"_blank\" rel=\"noopener\"><strong>Wright, et al. v. Adventures Rolling Cross Country, et al., C-12-0982 (EMC) (Docket #125)<\/strong><\/a>(April, 24, 2013)(otorgando a los demandantes la moci\u00f3n para fallo sumario rechazando la \u201c excepci\u00f3n para campamento organizado\u201d\u00a0 para lideres de viaje declarada por el proveedor de operador de viajes\/\u201dcampamento de viaje\u201d, requiriendo pago de sueldos m\u00ednimos y tiempos extras, y tambi\u00e9n sosteniendo que los Demandantes tienen derecho a dichos sueldos durante semanas completas durante las cuales trabajaron en cualquier parte de U.S.\/ California, aun si alguna parte de esas semanas la pasaron fuera del pa\u00eds \/ fuera de California).<\/p>\n<p><a href=\"\/s\/VMWare-12-20-12.pdf\" target=\"_blank\" rel=\"noopener\"><strong>Laughlin v. VMWare, 11-cv-530 (EJD) (Docket #58) <\/strong><\/a>(December 20, 2012)\u00a0(confirmando la clausula de de indemnizaci\u00f3n de construcci\u00f3n de AAA permitiendo proceder los reclamos de sueldo-hora como demanda colectiva, por encima de la moci\u00f3n para anular la indemnizaci\u00f3n del empleador Stolt-Nielsen).<\/p>\n<p><strong><a href=\"\/s\/IndyMac.pdf\" target=\"_blank\" rel=\"noopener\">Indymac Resources, Inc., v. Carter, SACV 12-27-JST (MLGx)<\/a>\u00a0<\/strong>(October 4, 2012) (la corte neg\u00f3 en parte la moci\u00f3n del Gobierno para descartar, sosteniendo que el ex-empleado podr\u00eda reclamar compensaci\u00f3n por \u201cindemnizaci\u00f3n adquirida\u201d como un gasto administrativo del Receptor por sus servicios al FDIC, como un receptor de IndyMac).<\/p>\n<p><strong><a href=\"\/s\/Laughlin.pdf\" target=\"_blank\" rel=\"noopener\">Laughlin v. VMWare, American Arbitration Association Case Number 74 160 Y 00068 12 (August 27, 2012)<\/a><\/strong><a href=\"#\"><strong>\u00a0<\/strong><\/a>(clausula de indemnizaci\u00f3n de construcci\u00f3n permitiendo proceder reclamos de sueldo y hora como un colectivo, a pesar de los argumentos del empleador Concepcion y Stolt-Nielsen).<\/p>\n<p><a href=\"\/s\/Sanchez.pdf\" target=\"_blank\" rel=\"noopener\"><strong>Sanchez v. Sephora USA, Inc., Case No. 11-03396 SBA, Dkt. 27 <\/strong><\/a>(N.D. Cal. July 18, 2012)\u00a0(orden otorgando la moci\u00f3n del demandante para certificaci\u00f3n condicional envolviendo demandantes colectivos bajo el Fair Labor Standards Act, donde solo fueron presentadas las declaraciones de cuatro miembros de la clase.<\/p>\n<p><a href=\"\/s\/Wright.pdf\" target=\"_blank\" rel=\"noopener\"><strong>Wright, et al. v. Adventures Rolling Cross Country, et al., Civ. 12-0982 EMC (Docket #63 )<\/strong><\/a> (negando la moci\u00f3n de un empleador publico demandado para eliminar la petici\u00f3n de honorarios de abogado bajo Cal. Lab. Code section 1102.5, decidiendo que esos honorarios se pueden recuperar bajo Cal. Code Civ. Pro. 1021.5)<\/p>\n<p><strong>Laughlin v. VMware, Inc., 2012 WL 298230 (N.D. Cal. Feb. 1, 2012)<\/strong>\u00a0(eliminando provisiones en un acuerdo de arbitraje como irrazonable bajo<em> Armendariz<\/em> y refiriendo el asunto a arbitraje sin el argumento de renuncia del empleador Concepcion and Stolt Nielsen).<\/p>\n<p><a href=\"\/s\/Winters.pdf\" target=\"_blank\" rel=\"noopener\"><strong>Winters v. County of Solano, Case No. FCS035144 (Cal. Super. Ct. Solano County) <\/strong><\/a>(September 2, 2011)(negando la moci\u00f3n del Demandado para fallo sumario\/adjudicaci\u00f3n sumaria en unademanda de delator de irregularidades Cal. Lab. Code sec. 1102.5, y rehusando a limitar los da\u00f1os potenciales del Demandante).<\/p>\n<p><strong>Quiles, et al. v. Koji&#8217;s Japan Incorporated, et al., Civ. No. 30-2010-00425532 (Docket #55) <\/strong>(Orange County Superior Court, April 29, 2011)<strong>\u00a0<\/strong>(sosteniendo la objeci\u00f3n del Demandante para para contra-demanda presentada el empleado demandado contra previos \u201csupervisores\u201d de linea en su restaurante no-exentos, alegando que los trabajadores de bajo sueldo fueron responsables por el fallode la compa\u00f1\u00eda en proveer periodos de descanso y comida a los miembros de la demanda colectiva).<\/p>\n<p><strong>Gebhardt v. Chu (Department of Energy) and Northrop Grumman, Civ. 10-2807 MEJ (Docket #26) <\/strong>(N.D. Cal. December 16, 2010)\u00a0(otorgando suspensi\u00f3n equitativa, y rechazando la moci\u00f3n para descarar del Demandado Departamento de Energ\u00eda por falta de jurisdicci\u00f3n basada en el supuesto fallo del Demandante en agotar todos los remedios administrativos).<\/p>\n<p><strong><a href=\"\/s\/Meyer-class-certification-decision.pdf\" target=\"_blank\" rel=\"noopener\">Meyer, et al. v. Clinton (Department of State), EEOC Case No. 570-2008-00018X <\/a><\/strong>(September 30, 2010) (Certificando el acuerdo en demanda colectiva basada en discriminaci\u00f3n por discapacidad en las contrataciones del Servicio Exterior del Departamento de Estado).<\/p>\n<p><strong>Pearson, et al. v. Samsonite Company Stores, Inc., et al., Civ. 09-1263 JSW (Docket #81) <\/strong>(N.D. Cal.\u00a09 de Abril, 2010) (aprobando el acuerdo de un caso que resulto en una liquidaci\u00f3n de aproximadamente $1 mill\u00f3n para una clase de docenas de gerentes y ex \u2013 gerentes y la re-clasificaci\u00f3n permanente de esta posici\u00f3n como no-exenta bajo las leyes federales y estatales de tiempo extra).<\/p>\n<p><strong>Maher v. Ideal Computer Services, Inc., No. RG07348498 (Cal. Sup. Ct. Alam. Co.)<\/strong>\u00a0 (el 9 de junio 2009) (negando fallo sumario en reclamo de discriminaci\u00f3n por edad; y revirtiendo la decisi\u00f3n tentativa de fallo sumario en contra del reclamo de indemnizaci\u00f3n punitiva por da\u00f1os y perjuicios)<\/p>\n<p><strong>Stanfield, et al. v. First NLC Financial Services, LLC, Civ. 06-3892 SBA<\/strong> (Docket #324) (N.D. Cal. December 21, 2007) (aprobando catorce millones de d\u00f3lares en beneficios a aproximadamente tres mil trabajadores a nivel nacional por reclamos de sueldo y hora)<\/p>\n<p><strong>Stanfield, et al. v. First NLC Financial Services, LLC, Civ. 06-3892 SBA<\/strong> (Docket #324) (N.D. Cal. December 21, 2007) (aprobaci\u00f3n preliminar de demandantes de clase por una corte federal de un grupo de demandantes de cientos de empleados, y un acuerdo de cientos de miles de d\u00f3lares a favor de los demandantes colectivos. (veredicto final concedido el 2<br \/>\n3 de febrero 2009, Docket # 109).<\/p>\n<p><strong>Wong v. HSBC Mortg. Corp. (USA), 2008 WL 753889<\/strong> (N.D.Cal. March 19, 2008) (certificando los demandantes colectivos de FLSA (horas extras, etc.) a nivel nacional y concediendo el fallo sumario con respecto a la mayor\u00eda de las defensas de exenci\u00f3n de los demandados)<\/p>\n<p><strong>Clark v. Wells Fargo Financial, Inc., 2008 WL 4787444<\/strong> (M.D.N.C. October 30, 2008) (rechazando la moci\u00f3n para descartar los reclamos del grupo, basado en la noci\u00f3n de impedimento colateral poruna moci\u00f3n por certificaci\u00f3nprevia en cualquier otro lugar del pa\u00eds)<\/p>\n<p><strong>Szittai v. Wells Fargo Financial, Inc., 2008 WL 4647739<\/strong> (N.D.Ohio October 20, 2008) (lo mismo que el caso anterior)<\/p>\n<p><strong>Castle v. Wells Fargo Financial, Inc., 2008 WL 2079192<\/strong> (N.D.Cal. May 15, 2008) (permitiendo a Demandantes enmendar para agregar quejas en favor de procesadores de prestamos a lo largo de California.)<\/p>\n<p><strong>Ulloa v. Potter (United States Postal Service), 2008 WL 2561939<\/strong> (D.Ariz. June 24, 2008) (moci\u00f3n de orden concedida para permitir mantener que el Titulo VII no precede quejas constitucionales y que la demandante puede reclamar depravaci\u00f3n de proceso debido en su empleo on el Postal Service)<\/p>\n<p><strong>Nigam v. Dept. of Housing and Urban Dev., EEOC No. 100-2005-00204X <\/strong>(extensos hallazgos de discriminaci\u00f3n y represalias encontrados por la comisi\u00f3n, hechos por un oficial del gabinete administrativo de Presidente Bush; acuerdo post-fallo aprobado el 30 de Julio, 2008)<\/p>\n<p><strong>Castle v. Wells Fargo Financial, Inc., 2007 WL 1105118<\/strong> (N.D.Cal. April 10, 2007)\u00a0 (aprobando m\u00e1s tiempo para reclamar sus sueldos por horas extras trabajadas para un grupo de aproximadamente catorce mil empleados bajo FLSA Labor Fair Standards Act. Suspensi\u00f3n otorgada el 29 de Junio, 20017 (Dkt. #163).<\/p>\n<p><strong>Cross v. Smithsonian Inst., 106 M.S.P.R. 140<\/strong> (M.S.P.B. May 9, 2007) (negando la apelaci\u00f3n de la agencia concediendo una total indemnizaci\u00f3n)<\/p>\n<p><strong>Stanfield v. First NLC Financial Services, LLC, 2006 WL 3531729<\/strong> (N.D.Cal. December 5, 2006)(en un caso FLSA rechazando el intento del Demandado de usar lenguaje inapropiado en un anuncio de acci\u00f3n de FLSA a grupo putativo de m\u00e1s de 4,000 empleados)<\/p>\n<p><strong>Cross v. Small, 2006 WL 2819758<\/strong> (D.D.C. Sept. 29, 2006)\u00a0 (Venciendo el fallo sumario len el Tribunal de Distrito, caso EEO de represalias)<\/p>\n<p><strong>Cross v. Smithsonian, Docket No. DC-1221-06-0039-W-2 <\/strong>(MSPB September 7, 2006)(ganando re-instalaci\u00f3n e indemnizaci\u00f3n en Merit Systems Protection Board, caso de delator de irregularidades)<\/p>\n<p><strong>Jordan v. US Dept. of Treasury, 102 M.S.P.R. 390 <\/strong>(June 27, 2006) (ganando re-instalaci\u00f3n e indemnizaci\u00f3n en Merit Systems Protection Board, caso de despido)<\/p>\n<p><strong>Bhat v. District of Columbia Water &amp; Sewer Authority, 2003 CAA 00017 <\/strong>(DOL November 1, 2005) (ganando re-instalaci\u00f3n e indemnizaci\u00f3n en Merit Systems Protection Board, caso de delator de irregularidades)<\/p>\n<p><strong>Rice v. US Dept. of Agriculture, 97 M.S.P.R. 501 <\/strong>(September 30, 2004) (estableciendo una nueva y m\u00e1s estricta ley de protecci\u00f3n en favor dedelatores de irregularidades)<\/p>\n","protected":false},"excerpt":{"rendered":"<p>In re Arthur J. Parent, Jr., 15-bk-10290-CB\u00a0(C.D. Cal. Bkr. May 11, 2015) (orden donde se sanciona al due\u00f1o individual y [&hellip;]<\/p>\n","protected":false},"author":5,"featured_media":0,"parent":0,"menu_order":0,"comment_status":"closed","ping_status":"closed","template":"template-parts\/spanish-width.php","meta":{"_acf_changed":false,"_oasis_is_in_workflow":0,"_oasis_original":0,"_oasis_task_priority":"","footnotes":""},"class_list":["post-656","page","type-page","status-publish","hentry","entry"],"acf":[],"_links":{"self":[{"href":"https:\/\/www.bryanschwartzlaw.com\/es\/wp-json\/wp\/v2\/pages\/656","targetHints":{"allow":["GET"]}}],"collection":[{"href":"https:\/\/www.bryanschwartzlaw.com\/es\/wp-json\/wp\/v2\/pages"}],"about":[{"href":"https:\/\/www.bryanschwartzlaw.com\/es\/wp-json\/wp\/v2\/types\/page"}],"author":[{"embeddable":true,"href":"https:\/\/www.bryanschwartzlaw.com\/es\/wp-json\/wp\/v2\/users\/5"}],"replies":[{"embeddable":true,"href":"https:\/\/www.bryanschwartzlaw.com\/es\/wp-json\/wp\/v2\/comments?post=656"}],"version-history":[{"count":4,"href":"https:\/\/www.bryanschwartzlaw.com\/es\/wp-json\/wp\/v2\/pages\/656\/revisions"}],"predecessor-version":[{"id":8192,"href":"https:\/\/www.bryanschwartzlaw.com\/es\/wp-json\/wp\/v2\/pages\/656\/revisions\/8192"}],"wp:attachment":[{"href":"https:\/\/www.bryanschwartzlaw.com\/es\/wp-json\/wp\/v2\/media?parent=656"}],"curies":[{"name":"wp","href":"https:\/\/api.w.org\/{rel}","templated":true}]}}