{"id":646,"date":"2022-03-15T01:36:38","date_gmt":"2022-03-15T06:36:38","guid":{"rendered":"http:\/\/bryanschwartzlaw.com\/prensa\/"},"modified":"2025-03-04T09:13:31","modified_gmt":"2025-03-04T15:13:31","slug":"prensa","status":"publish","type":"page","link":"https:\/\/www.bryanschwartzlaw.com\/es\/prensa\/","title":{"rendered":"Prensa"},"content":{"rendered":"<h1 style=\"white-space: pre-wrap;\"><strong>PRENSA<\/strong><\/h1>\n<p class=\"\" style=\"white-space: pre-wrap;\"><a href=\"#\">\u201cEn medio del COVID-19, la seguridad laboral es una lucha constante, dicen los abogados\u201d<\/a><br \/>\n<em>Daily Journal, 14 de abril de<\/em> 2020<\/p>\n<p class=\"\" style=\"white-space: pre-wrap;\"><a href=\"https:\/\/www.publico.pt\/2018\/04\/13\/tecnologia\/noticia\/tesla-tenta-silenciar-situacoes-de-racismo-na-empresa-com-dinheiro-1810269\" target=\"_blank\" rel=\"noopener\">\u201cTesla acusada de tentar silenciar acusa\u00e7\u00f5es de racismo\u201d<\/a><br \/>\n<em>Publico<\/em>, April 13, 2018<\/p>\n<p class=\"\" style=\"white-space: pre-wrap;\"><a href=\"https:\/\/www.bryanschwartzlaw.com\/wp-content\/uploads\/2022\/03\/Labor26Employment-06-03-15.pdf\">\u201cPerfiles de Los Mejores Abogados de Labor y Empleo de California, Brian Schwartz\u201d<\/a><br \/>\n<em>Labor &amp; Employment <\/em>(Supplement to the <em>Los Angeles and San Francisco Daily Journal<\/em>), June 3, 2015<\/p>\n<p class=\"\" style=\"white-space: pre-wrap;\"><a href=\"https:\/\/www.bryanschwartzlaw.com\/wp-content\/uploads\/2022\/03\/Labor26Employment-06-03-15.pdf\">\u201cNueva Ola de Demandas contra Co-Empleadores\u201d<\/a><br \/>\nProfiles of California&#8217;s Top Labor and Employment Attorneys, Bryan Schwartz<br \/>\n<em>Labor &amp; Employment <\/em>(Supplement to the <em>Los Angeles and San Francisco Daily Journal<\/em>), June 3, 2015<\/p>\n<p class=\"\" style=\"white-space: pre-wrap;\"><a href=\"#\">\u201cAmelia Alvarez Nombrada Segunda Becaria Sanford Heisler Kimpel para Diversidad en el Inter\u00e9s Publico\u201d<\/a><br \/>\n<em>Legal Aid Society-Employment Law Center<\/em>, May 22, 2015<\/p>\n<p class=\"\" style=\"white-space: pre-wrap;\"><a href=\"#\">\u201cEvaluadores Tienen Derecho a Pago de Tiempo Extra, Sostiene Corte\u201d<\/a><br \/>\n<em>Working RE,\u00a0<\/em>May 20, 2015<\/p>\n<p class=\"\" style=\"white-space: pre-wrap;\"><a href=\"#\">\u201cSubsidiario de BoA Clasifico Incorrectamente a Evaluadores como Exentos de Pago de Tiempo Extra, Decide la Corte\u201d<\/a><br \/>\n<em>Bloomberg BNA, Daily Labor Report<\/em>, May 13, 2015<\/p>\n<p><a href=\"#\">\u201cEscuela de Cosmetolog\u00eda Renuncio el Derecho de Arbitrar los Reclamos de Sueldo y Hora de Estudiantes, Decide la Corte\u201d<\/a><br \/>\n<em>Bloomberg BNA, Daily Labor Report<\/em>, May 5, 2015<\/p>\n<p class=\"\" style=\"white-space: pre-wrap;\"><a href=\"#\">\u201cJuez Federal Niega Moci\u00f3n Tard\u00eda para Obligar Arbitraje\u201d<\/a><br \/>\n<em>Los Angeles Daily Journal<\/em>, May 4, 2015<\/p>\n<p class=\"\" style=\"white-space: pre-wrap;\"><a href=\"http:\/\/www.fedweek.com\/legal-corner\/federal-legal-corner-class-certification-upheld-in-foreign-service-case\/\" target=\"_blank\" rel=\"noopener\">\u201cPerspectiva Legal Federal: Certificaci\u00f3n de Demanda Colectiva Sostenida en Caso del Servicio Exterior\u201d<\/a><br \/>\n<em>FEDweek<\/em>, April 8, 2015<\/p>\n<p class=\"\" style=\"white-space: pre-wrap;\"><a href=\"#\">\u201c[Victoria] Acuerdo Legalpor $75,000 en Caso de Discriminaci\u00f3n Religiosa en California\u201d<\/a><br \/>\n<em>United Sikhs,<\/em>\u00a0January 5, 2015<\/p>\n<p class=\"\" style=\"white-space: pre-wrap;\"><a href=\"#\">\u201cDecision en FLSA en Corte Superior Acerca de Tareas al Final del Turno de Trabajo le da Nuevas Directivas aEmpleadores del Sector Salud\u201d<\/a><br \/>\n<em>Bloomberg BNA, Health Law Reporter,\u00a0<\/em>December 18, 2014<\/p>\n<p class=\"\" style=\"white-space: pre-wrap;\"><a href=\"#\">\u201cSubsidiarios y Evaluadores del BoA Obtienen la Autorizaci\u00f3n final para un Acuerdo por $5.8 millones para Resolver Reclamos de Sueldo\u201d<\/a><br \/>\n<em>Bloomberg BNA, Daily Labor Report, Wage &amp; Hour<\/em>, November 21, 2014<\/p>\n<p class=\"\" style=\"white-space: pre-wrap;\"><a href=\"#\">\u201cSan Francisco se Enfoca en Dependencia de Comercios Minoristasen Trabajadores de Medio Tiempo\u201d<\/a><br \/>\n<em>Law360<\/em>, October 8, 2014<\/p>\n<p class=\"\" style=\"white-space: pre-wrap;\"><a href=\"http:\/\/diplopundit.net\/2014\/10\/01\/eeoc-affirms-class-action-certification-for-disabled-applicants-to-the-u-s-foreign-service\/?utm_source=Daily+Media+Digest&amp;utm_campaign=ec1c459058-AFSA_Media_Digest10_1_14&amp;utm_medium=email&amp;utm_term=0_e87ea75dce-ec1c459058-215347729\" target=\"_blank\" rel=\"noopener\">\u201cEEOC Afirma Certificaci\u00f3n de Demanda de Clase para Solicitantes Discapacitados al Servicio Exterior\u201d<\/a><br \/>\n<em>DiploPundit,<\/em>\u00a0October 1, 2014<\/p>\n<p class=\"\" style=\"white-space: pre-wrap;\"><a href=\"#\">\u201cAbogados de Empleo Esperan mas Litigios bajo Nueva Ley\u201d<\/a><br \/>\n<em>The Daily Journal,<\/em>\u00a0September 30, 2014<\/p>\n<p class=\"\" style=\"white-space: pre-wrap;\"><a href=\"#\">\u201cLey de Sueldos En California Cubre a Estudiantes de Academia de Belleza, Dice Juez\u201d<\/a><br \/>\n<em>Law360,<\/em>\u00a0July 31, 2014<\/p>\n<p class=\"\" style=\"white-space: pre-wrap;\"><a href=\"#\">\u201cEstudiantes de Cosmetolog\u00eda Pueden Demandar Academia de Belleza por Pagos\u201d<\/a><br \/>\n<em>The Daily Journal<\/em>, July 31, 2014<\/p>\n<p class=\"\" style=\"white-space: pre-wrap;\"><a href=\"#\">\u201cCorte Certifica Demandantes Colectivos y Aprueba Acuerdo a Nivel Nacional para Evaluadores de Revisi\u00f3n\u201d<\/a><br \/>\n<em>WorkingRE<\/em>, July 16, 2014<\/p>\n<p><a href=\"#\">\u201cTerry Boyd Tiene Caso certificado como Demanda Colectiva contra el Banco de Americapor Pago de Tiempo Extra\u201d<\/a><br \/>\n<em>OC Weekly<\/em>, July 2, 2014<\/p>\n<p><a href=\"#\">\u201cDemanda de Evaluadores Contra el Banco de America Recientemente Certificada\u201d<\/a><br \/>\n<em>Newport Beach Patch<\/em>, July 1, 2014<\/p>\n<p><a href=\"#\">\u201cEvaluadores Californianos de una Subsidiaria de Banco de America Podr\u00edan Avanzar como Demandantes Colectivos en Reclamos de Pago de Tiempo Extra\u201d<\/a><br \/>\n<em>The Bureau of National Affairs,\u00a0<\/em>June 30, 2014<\/p>\n<p class=\"\" style=\"white-space: pre-wrap;\"><a href=\"#\">\u201cAcuerdo con Evaluadores de una Subsidiaria de BoA por por $5.8 millones Obtiene Autorizaci\u00f3n Preliminar\u201d\u00a0\u00a0 \u00a0no<\/a><br \/>\n<em>The Bureau of National Affairs, Inc.,\u00a0<\/em>June 27, 2014<\/p>\n<p class=\"\" style=\"white-space: pre-wrap;\"><a href=\"#\">\u201cEEOC Certifica Demandantes Colectivos en Caso de Prejuicio por Discapacidad Desafiando la Regla de Disponibilidad del Servicio Exterior\u201d<\/a><br \/>\n<em>The Bureau of National Affairs, Inc.,\u00a0<\/em>June 18, 2014<\/p>\n<p class=\"\" style=\"white-space: pre-wrap;\"><a href=\"#\">\u201cDemandas en Cosmetolog\u00eda Ponen a Prueba Modelos de Negocio para Entrenamiento de Esteticistas\u201d<\/a><br \/>\n<em>The Daily Journal,\u00a0<\/em>May 27, 2014<\/p>\n<p class=\"\" style=\"white-space: pre-wrap;\"><a href=\"#\">\u201c<\/a><a href=\"#\">Trabajadores Despedidos Buscan Recuperar Sueldos no Pagados, Nombran Fondos de Inversi\u00f3n y Juntas Directivas\u201d<\/a><br \/>\n<em>The Daily Journal,\u00a0<\/em>May 16, 2014<\/p>\n<p class=\"\" style=\"white-space: pre-wrap;\"><a href=\"#\">\u201cPrimer Becario Sanford Heileing de Diversidad en el Inter\u00e9s Publico es Anunciado por Sanford Heisling, FAIR, LAS-ELC \u2013 Olmedo, de la Escuela de Leyes de Berkeley, Seleccionado para El Honor Inaugural\u201d<\/a><br \/>\n<em>PRNewswire<\/em>, May 1, 2014<\/p>\n<p class=\"\" style=\"white-space: pre-wrap;\"><a href=\"#\">\u201cEvaluadores de O.C.\u00a0Concretizan Acuerdo con BoA por $5.8 millones en Disputa por Pagos de Tempo Extra\u201d<\/a><br \/>\n<em>Rancho Santa Margarita Patch<\/em>, April 10, 2014<br \/>\n<em>San Juan Capisrano Patch,<\/em>\u00a0April 10, 2014<\/p>\n<p><a href=\"#\">\u201cEvaluadores Obtienen Acuerdo por $5.8 Millones en Demanda de Sueldos\u201d<\/a><br \/>\n<em>The Daily Journal,\u00a0<\/em>April 10, 2014<\/p>\n<p><a href=\"#\">\u201cCompa\u00f1\u00eda a de Turismo de Mill Valley Llega a un Acuerdo Acerca de Alegaciones de Abuso en Sueldos\u201d <\/a><br \/>\n<em>Marin Independent Journal<\/em>, January 31, 2014<\/p>\n<p class=\"\" style=\"white-space: pre-wrap;\"><a href=\"#\">\u201cCorte Aprueba Acuerdo para Chaperones de Viajes Para Adolescentes que Fueron Negados Pagos de Tiempo Extra y Descansos\u201d<\/a><br \/>\n<em>Bloomberg BNA, Daily Labor Report and Class Action Litigation Report<\/em>, January 28, 2014<\/p>\n<p class=\"\" style=\"white-space: pre-wrap;\"><a href=\"#\">\u201cCon $500,000 se Llega a Acuerdo en Caso de Sueldo de Lideres de Viajes para Adolescentes\u201d<\/a><br \/>\n<em>The San Francisco Chronicle<\/em>, January 24, 2014<\/p>\n<p class=\"\" style=\"white-space: pre-wrap;\"><a href=\"#\">\u201cAbogados de Demandantes Trabajan para Mejorar Diversidad en sus Fil<br \/>\nas\u201d<\/a><br \/>\n<em>The Daily Journal<\/em>, December 18, 2013<\/p>\n<p class=\"\" style=\"white-space: pre-wrap;\"><a href=\"#\">\u201cEvaluadores de Bienes Ra\u00edces Pueden Proceder en Arbitraje de Demandantes Colectivos\u201d<\/a><br \/>\n<em>The Daily Journal<\/em>, November 18, 2013<\/p>\n<p class=\"\" style=\"white-space: pre-wrap;\"><a href=\"#\">\u201cJP Morgan Pierde Solicitud para Frustrar Arbitraje de Demandantes Colectivos en Demanda de Sueldos\u201d<\/a><br \/>\n<em>Law 360<\/em>, November 15, 2013<\/p>\n<p class=\"\" style=\"white-space: pre-wrap;\"><a href=\"#\">\u201cSe lanza Nueva Beca para Diversidad en el Inter\u00e9s Publico \u201d<\/a><br \/>\n<em>CELA Bulletin<\/em>, October 2013<\/p>\n<p class=\"\" style=\"white-space: pre-wrap;\"><a href=\"#\">\u201cPrevios Evaluadores de Chase Empujan por Arbitraje de Demandantes Colectivos en Lucha acerca de Pagos de Tiempo Extra\u201d<\/a><br \/>\n<em>Law 360<\/em>, October 21, 2013<\/p>\n<p class=\"\" style=\"white-space: pre-wrap;\"><a href=\"#\">\u201cCorte Avanza Reclamos de Pago de Tiempo Extra a Chaperones contra Operadores de Viajes\u201d<\/a><br \/>\n<em>Bloomberg BNA, Daily Labor Report and Class Action Litigation Report<\/em>, July 9, 2013<\/p>\n<p class=\"\" style=\"white-space: pre-wrap;\"><a href=\"#\">\u201cCompa\u00f1\u00eda de Viajes no Exenta de Pago de Salario M\u00ednimo, Decide Juez\u201d<\/a><br \/>\n<em>Daily Journal<\/em>, April 30, 2013<\/p>\n<p class=\"\" style=\"white-space: pre-wrap;\"><a href=\"#\">\u201cJuez: \u201cCampamento\u201d no Puede Evitar Pagar Salario M\u00ednimo, Decide Juez\u201d<\/a><br \/>\n<em>The San Francisco Chronicle,<\/em>\u00a0April 30, 2013 (<a href=\"http:\/\/www.sfchronicle.com\/travel\/article\/Judge-Camp-can-t-avoid-minimum-wage-4474080.php\" target=\"_blank\" rel=\"noopener\">online<\/a>)<\/p>\n<p class=\"\" style=\"white-space: pre-wrap;\"><a href=\"#\">\u201cEmpleados Tratan Nueva T\u00e1ctica con Demandas Colectivas por Clasificaci\u00f3n Err\u00f3nea\u201d<\/a><br \/>\n<em>The Daily Journal,<\/em>\u00a0April 16, 2013<\/p>\n<p class=\"\" style=\"white-space: pre-wrap;\"><a href=\"#\">\u201cPersona de Long Beach Demanda JP Morgan Chase por Pago de Tiempo Extra\u201d<\/a><br \/>\n<em>Credit Union Times,<\/em>\u00a0January 13, 2013<\/p>\n<p class=\"\" style=\"white-space: pre-wrap;\"><a href=\"#\">\u201cDisputas de Empleo van a Arbitraje de Demandantes Colectivos, por Ahora\u201d<\/a><br \/>\n<em>The Daily Journal,\u00a0<\/em>January 11, 2013<\/p>\n<p class=\"\" style=\"white-space: pre-wrap;\"><a href=\"#\">\u201cNegocios Peque\u00f1os Enfrentan Grandes Problemas en Demandas de Empleados\u201d<\/a><br \/>\n<em>The Daily Journal,\u00a0<\/em>October 25, 2012<\/p>\n<p class=\"\" style=\"white-space: pre-wrap;\">\u201cDemandas de Sueldo y Hora: El Cielo se Cae (o eso dicen?)<br \/>\n<em>Plaintiff Magazine<\/em>, September 2012<br \/>\n(Presione aqu\u00ed para ver el articulo en <a href=\"http:\/\/www.plaintiffmagazine.com\" target=\"_blank\" rel=\"noopener\">Plaintiff Magazine<\/a>, September 2012) reimprimido como la historia de la portada en <a href=\"http:\/\/www.theadvocatemagazine.com\/Advocate-Oct12-cvr.jpg\" data-rel=\"lightbox-image-0\" data-rl_title=\"\" data-rl_caption=\"\" title=\"\" target=\"_blank\" rel=\"noopener\">Advocat<\/a>, el Plaintiff Magazine, September 2012)<\/p>\n<p class=\"\" style=\"white-space: pre-wrap;\"><a href=\"05-01-14\">\u201c<\/a>Educaci\u00f3n enIgualdad Debe Incluir igualdadpara Educadores: ERA Trabaja Discriminaci\u00f3n en el Sector Acad\u00e9mico\u201d<br \/>\n<em>Equal Rights Advocates Education Equity Campaign Special Report<\/em>, April 24, 2012<br \/>\n(Resaltando el caso de discriminaci\u00f3n en tenencia de catedr\u00e1ticos que elBufete de Brian Schwartz trabaja conjuntamente con Equal Rights Advocates)<\/p>\n<p class=\"\" style=\"white-space: pre-wrap;\"><a href=\"http:\/\/www.bizjournals.com\/sacramento\/news\/2012\/04\/12\/calif-court-decision-employer-breaks.html?page=2\" target=\"_blank\" rel=\"noopener\">\u201cCorte: Empleadores deben Proveer, no Asegurar Descansos\u201d<\/a><br \/>\n<em>Sacramento Business Journal<\/em>, April 12, 2012<br \/>\n(El Abogado Brian Schwartz discute la Decision <em>Brinker <\/em>del Tribunal Superior de California)<\/p>\n<p class=\"\" style=\"white-space: pre-wrap;\"><a href=\"http:\/\/www.marinij.com\/business\/20120222\/lawsuit-accuses-mill-valley-travel-company-of-wage-violations\" target=\"_blank\" rel=\"noopener\">\u201cDemanda Acusa Compa\u00f1\u00eda de Viajes de Mill Valley de Violaciones de Sueldo\u201d<\/a><br \/>\n<em>Marin Independent Journal<\/em>, February 22, 2012<\/p>\n<p class=\"\" style=\"white-space: pre-wrap;\"><a href=\"#\">\u201cGui\u00e1s de Viajes Reclaman Suelos no Pagados\u201d<\/a><br \/>\n<em>Daily Journal<\/em>, February 22, 2012<\/p>\n<p class=\"\" style=\"white-space: pre-wrap;\"><a href=\"http:\/\/www.govexec.com\/oversight\/2012\/02\/irs-settles-whistleblower-suit-office-special-counsel-reports\/41148\/\" target=\"_blank\" rel=\"noopener\">\u201cIRS Llega a Acuerdo con Trabajador Suspendido por Queja de Contratista\u201d<\/a><br \/>\n<em>Government Executive<\/em>, February 9, 2012<\/p>\n<p class=\"\" style=\"white-space: pre-wrap;\">\u00a0<a href=\"#\">\u201c Se Pone en Marcha Juicio para Delator de Irregularidades Demandando el Condado de Solano\u201d<\/a><br \/>\n<em>Daily Republic,<\/em>\u00a0November 13, 2011<\/p>\n<p class=\"\" style=\"white-space: pre-wrap;\"><a href=\"#\">\u201cJP Morgan Llega a un Acuerdo de $1.2 Millones en Demanda por Tiempo Extra de Evaluadores de Casas\u201d<\/a><br \/>\n<em>Law 360,<\/em>\u00a0November 2, 2011<\/p>\n<p class=\"\" style=\"white-space: pre-wrap;\"><a href=\"http:\/\/npr.vo.llnwd.net\/kip0\/_pxn=0+_pxK=10412\/anon.npr-podcasts\/podcast\/2\/510278\/136008222\/KALW_136008222.mp3\" target=\"_blank\" rel=\"noopener\">\u201cSus derechos Legales: Un Debate en la Decision del Tribunal Superior:\u00a0 <em>ATT Mobility v. Concepcion<\/em> , y Como Afecta sus Derechos en el Lugar de Trabajo\u201d<\/a><br \/>\nNational Public Radio, KALW San Francisco 91.7 FM, May 4, 2011<\/p>\n<p class=\"\" style=\"white-space: pre-wrap;\"><a href=\"#\">\u201cFallaSolicitud de Arbitrajede Chase en Demanda de Tiempo Extra de Evaluadores\u201d<\/a><br \/>\n<em>Law360<\/em>, March 14, 201 1<\/p>\n<p class=\"\" style=\"white-space: pre-wrap;\">\u00a0<a href=\"http:\/\/www.washingtonpost.com\/wp-dyn\/content\/article\/2010\/10\/19\/AR2010101907217.html?sub=AR\" target=\"_blank\" rel=\"noopener\">\u201cPara un Agente del Servicio Exterior con MS, que es \u201cAlrededor del Mundo\u201d<\/a><br \/>\n<em>Washington Post,\u00a0<\/em>October 19, 2010<\/p>\n<p class=\"\" style=\"white-space: pre-wrap;\">\u201cEDOC Encuentra Prejuicio de Discapacidad en Contrataciones del Servicio Exterior\u201d<br \/>\n<em>Law360<\/em>, October 5, 2010<\/p>\n<p class=\"\" style=\"white-space: pre-wrap;\"><a href=\"#\">\u201cComo Ganar Aprobaci\u00f3n de la Corte en su Acuerdo en demanda Colectiva \u2013 Aprenda a Evitar Retrasos que Ocurrir\u00edan si la Corte Rechaza o Requiere Modificaci\u00f3n de su Acuerdo\u201d<\/a><br \/>\n<em>Plaintiff<\/em>, April 2010<\/p>\n<p class=\"\" style=\"white-space: pre-wrap;\"><a href=\"SIDECAR_LDAPMAIL.png\" data-rel=\"lightbox-image-1\" data-rl_title=\"\" data-rl_caption=\"\" title=\"\">Perfil del Abogado Brian Schwartz en \u201cWee Pals\u201d<\/a><br \/>\n<em>Syndicated Comic, Oakland Tribune<\/em>\u00a0and <em>Sacramento Bee<\/em>, August 16, 2009<\/p>\n<p><a href=\"#\">\u201cAbogados de California Reflexionan Acerca de si Starbucks Podr\u00eda Establecer Pago para Supervisores Basado en Propinas\u201d<\/a><br \/>\n<em>Daily Labor Report,<\/em>\u00a0June 8, 2009<\/p>\n<p class=\"\" style=\"white-space: pre-wrap;\"><a href=\"http:\/\/www.jweekly.com\/article\/full\/38024\/many-nations-one-tribe-oakland-photojournalist-on-a-quest-to-document-jewis\/\" target=\"_blank\" rel=\"noopener\">\u201cMuchas Naciones, Una Tribu: Foto-periodista de Oakland en Misi\u00f3n para Documentar Diversidad Jud\u00eda\u201d<\/a><br \/>\n<em>JWeekly<\/em>, May 7, 2009<\/p>\n<p class=\"\" style=\"white-space: pre-wrap;\">\u00a0<a href=\"http:\/\/www.washingtonpost.com\/wp-dyn\/content\/article\/2009\/03\/17\/AR2009031701957.html\" target=\"_blank\" rel=\"noopener\">\u201cLa Casa de Representantes Investigara Asbestos en el Museo: Condiciones de Seguridad de Aire y Espacio Est\u00e1n a Consideraci\u00f3n\u201d<\/a><br \/>\n<em>Washington Post<\/em>, March 18, 2009<br \/>\n(<em>Washington Post <\/em>llama la victoria del abogado Brian Schwartz para el delator de irregularidades Michael Cross \u201cuno de los pocos casos victoriosos\u201d que envuelven delatores de irregularidades en a\u00f1os recientes)<\/p>\n<p class=\"\" style=\"white-space: pre -wrap;\"><a href=\"http:\/\/www.washingtonpost.com\/wp-dyn\/content\/article\/2007\/05\/09\/AR2007050902547.html\" target=\"_blank\" rel=\"noopener\">\u201cSmithsonian Ordenado a Re-contratar Agente Despedido\u201d<\/a><br \/>\nWashington Post, May 10, 2007<\/p>\n<p class=\"\" style=\"white-space: pre-wrap;\"><a href=\"http:\/\/www.washingtonpost.com\/wp-dyn\/content\/article\/2007\/04\/09\/AR2007040901464.html\" target=\"_blank\" rel=\"noopener\">\u201cDeterminado que IG del Smithsonian Hizo Uso Personal de Recursos\u201d<\/a><br \/>\n<em>Washington Post<\/em>, April 10, 2007<\/p>\n<p><a href=\"http:\/\/www.washingtonpost.com\/wp-dyn\/content\/article\/2005\/11\/05\/AR2005110501195.html\" target=\"_blank\" rel=\"noopener\">&#8220;Justice para Seema Bhat&#8221;<\/a><br \/>\n<em>Washington Post<\/em>, November 6, 2005<\/p>\n<p class=\"\" style=\"white-space: pre-wrap;\"><a href=\"http:\/\/www.washingtonpost.com\/wp-dyn\/content\/article\/2005\/11\/02\/AR2005110202940.html\" target=\"_blank\" rel=\"noopener\">\u201cDelator de Irregularidades de WASA Gana Reivindicaci\u00f3n, Re-contrataci\u00f3n\u201d<\/a><br \/>\n<em>Washington Post<\/em>, November 3, 2005<\/p>\n","protected":false},"excerpt":{"rendered":"<p>PRENSA \u201cEn medio del COVID-19, la seguridad laboral es una lucha constante, dicen los abogados\u201d Daily Journal, 14 de abril [&hellip;]<\/p>\n","protected":false},"author":5,"featured_media":0,"parent":0,"menu_order":0,"comment_status":"closed","ping_status":"closed","template":"","meta":{"_acf_changed":false,"_oasis_is_in_workflow":0,"_oasis_original":0,"_oasis_task_priority":"","footnotes":""},"class_list":["post-646","page","type-page","status-publish","hentry","entry"],"acf":[],"_links":{"self":[{"href":"https:\/\/www.bryanschwartzlaw.com\/es\/wp-json\/wp\/v2\/pages\/646","targetHints":{"allow":["GET"]}}],"collection":[{"href":"https:\/\/www.bryanschwartzlaw.com\/es\/wp-json\/wp\/v2\/pages"}],"about":[{"href":"https:\/\/www.bryanschwartzlaw.com\/es\/wp-json\/wp\/v2\/types\/page"}],"author":[{"embeddable":true,"href":"https:\/\/www.bryanschwartzlaw.com\/es\/wp-json\/wp\/v2\/users\/5"}],"replies":[{"embeddable":true,"href":"https:\/\/www.bryanschwartzlaw.com\/es\/wp-json\/wp\/v2\/comments?post=646"}],"version-history":[{"count":11,"href":"https:\/\/www.bryanschwartzlaw.com\/es\/wp-json\/wp\/v2\/pages\/646\/revisions"}],"predecessor-version":[{"id":8232,"href":"https:\/\/www.bryanschwartzlaw.com\/es\/wp-json\/wp\/v2\/pages\/646\/revisions\/8232"}],"wp:attachment":[{"href":"https:\/\/www.bryanschwartzlaw.com\/es\/wp-json\/wp\/v2\/media?parent=646"}],"curies":[{"name":"wp","href":"https:\/\/api.w.org\/{rel}","templated":true}]}}