{"id":642,"date":"2022-03-15T01:36:37","date_gmt":"2022-03-15T06:36:37","guid":{"rendered":"http:\/\/bryanschwartzlaw.com\/noticias\/"},"modified":"2025-03-04T09:12:42","modified_gmt":"2025-03-04T15:12:42","slug":"noticias","status":"publish","type":"page","link":"https:\/\/www.bryanschwartzlaw.com\/es\/noticias\/","title":{"rendered":"Noticias"},"content":{"rendered":"<h1 style=\"white-space: pre-wrap;\"><strong>NOTICIAS<\/strong><\/h1>\n<p class=\"\" style=\"white-space: pre-wrap;\"><a href=\"\/041420pressrelease-espanol\">La estrategia de arbitraje corporativo fracasa: acuerdo de seis millones de d\u00f3lares para m\u00e1s de 500 trabajadores<\/a><strong><br \/>\n<\/strong>14 de abril de 2020, Oakland, CA<\/p>\n<p class=\"\" style=\"white-space: pre-wrap;\"><a href=\"\/07-07-15\">El Despacho de Bryan Schwartz ha sido Honrado por Super Lawyers Magazine<\/a><br \/>\nJulio 7, 2015, Oakland, CA<\/p>\n<p class=\"\" style=\"white-space: pre-wrap;\"><a href=\"05-20-15\">El Despacho de Bryan Schwartz Contrata Hanna Luke Edwards como Asociada por el Periodo de Verano en el bufete de Derechos Civiles y Empleo Basado en Oakland<\/a><br \/>\nMayo 27, 2015, Oakland, CA<\/p>\n<p class=\"\" style=\"white-space: pre-wrap;\"><a href=\"05-13-15\">El Director de el Despacho de Bryan Schwartz es Reconocido por el <em>Daily Journal <\/em>como uno de los Mejores Abogados de Ley de Empleo y Labor en California<\/a><br \/>\n<a href=\"05-13-15\">Uno de los solo 75 reconocidos en el Estado<\/a><br \/>\nMayo 13, 2015, Oakland, CA<\/p>\n<p class=\"\" style=\"white-space: pre-wrap;\"><a href=\"\/07-07-15\">Decision Jur\u00eddicacontra el Banco de America con Repercusiones en toda la Industria<br \/>\nEvaluadores tienen Derecho a Pago de Tiempo Extra, Sostiene la Corte<\/a><br \/>\nMayo 7, 2015, Santa Ana, CA<\/p>\n<p class=\"\" style=\"white-space: pre-wrap;\"><a href=\"\/04-24-15\">El Director del Bufete de Brian Schwartz es Elegido a la Junta Directiva de la Sociedad de Ayuda Legal \u2013 Centro de Ley del Empleo<\/a><br \/>\nAbril 24, 2015, San Francisco, CA<\/p>\n<p class=\"\" style=\"white-space: pre-wrap;\"><a href=\"\/s\/BofA-press-release-review-appraiser-settlement-approval.pdf\">La Corte aprueba acuerdo por $5.8 millones para Reclamos de Sueldo contra el Banco de America para mas de 350 Evaluadores de Revisi\u00f3n<\/a><br \/>\nNoviembre 20, 2015, Santa Ana, CA<\/p>\n<p class=\"\" style=\"white-space: pre-wrap;\"><a href=\"\/07-03-14\">El Director del Bufete de Bryan Schwartz es Nombrado \u201cSuper Abogado\u201d en el Norte de California por la Revista <em>Super Lawyers Magazine<\/em><\/a><br \/>\nJulio 3, 2014, Oakland,\u00a0CA<\/p>\n<p class=\"\" style=\"white-space: pre-wrap;\"><a href=\"\/06-27-14\">Corte Federal Certifica Demanda Colectiva Retando al Banco de America en su Incumplimiento en Pagar Tiempo Extra a Evaluadores de Bienes Ra\u00edces<\/a><br \/>\nJunio 27, 2014, Oakland, CA<\/p>\n<p class=\"\" style=\"white-space: pre-wrap;\"><a href=\"\/06-12-14\">La Commission de Igualdad de Oportunidades en el Empleo de U. S. , Afirma Demanda de Clase para dar Acceso al Departamento de Estado a Oficialesde Servicio Exterior Discapacitados<\/a><br \/>\nJunio 12, 2014, Oakland, CA<\/p>\n<p class=\"\" style=\"white-space: pre-wrap;\"><a href=\"\/05-29-14\">El Bufete de Brian Schwartz Contrata a Cecilia Guevara Zamora como Asociada por el Periodo de Verano en el Despacho Legal de Derechos Civiles y Empleo basado en Oakland<\/a><br \/>\nMayo 29, 2014. Oakland, CA<\/p>\n<p class=\"\" style=\"white-space: pre-wrap;\"><a href=\"\/04-09-14\">EL Banco de America Alcanza un Acuerdo por $5.8 Millones por Reclamos de Sueldo para mas de 350 Evaluadores de Revisi\u00f3n. a Nivel Nacional<\/a><br \/>\nAbril 9, 2014, Oakland, CA<\/p>\n<p class=\"\" style=\"white-space: pre-wrap;\"><a href=\"\/01-23-14\">Servicio para Adolescentes y Proveedor de Aventuras llega an Acuerdo en Demanda Colectiva<\/a><br \/>\nEnero 23, 2014, San Francisco, CA<\/p>\n<p class=\"\" style=\"white-space: pre-wrap;\"><a href=\"\/12-14-13\">Corte Federal Da un Rev\u00e9s a Banco que Buscaba Terminar con Una Demanda Colectiva a Trav\u00e9s de Arbitraje<\/a><br \/>\nNoviembre 14, 2013, Oakland, CA<\/p>\n<p class=\"\" style=\"white-space: pre-wrap;\"><a href=\"\/11-01-13\">EL Bufete de Brian Schwartz le da la Bienvenida a Rachel Terp al Despacho legal de Derechos Civiles y Empleo basado en Oakland<\/a><br \/>\nNoviembre 1, 2013, CA<\/p>\n<p class=\"\" style=\"white-space: pre-wrap;\"><a href=\"\/10-07-14\">El Director del Bufete de Bryan Schwartz es Elegido Presidente de FAIR, una Organizaci\u00f3n no Lucrativa Dedicada a Promover Diversidad en el entre Abogados Que se Especializan en Representar Demandantes en el Area de Derecho Laboral<\/a><br \/>\nOctubre 7, 2013, Oakland, CA<\/p>\n<p class=\"\" style=\"white-space: pre-wrap;\"><a href=\"\/07-08-13\">El Director de Bufete de Brian Schwartz es Nombrado \u201cSuper Abogado\u201d en el Norte de California por la revista <em>Super Lawyers Magazine<\/em><\/a><br \/>\nJulio 8, 2013, Oakland, CA<\/p>\n<p class=\"\" style=\"white-space: pre-wrap;\"><a href=\"\/05-21-13\">EL Bufete de Bryan Schwartz Contrata a Edward Melenshinsky como Asociado por el Periodo de Verano en el Despacho de Derechos Civiles y Empleo Basado en Oakland<\/a><br \/>\nMayo 21, 2013, Oakland, CA<\/p>\n<p class=\"\" style=\"white-space: pre-wrap;\"><a href=\"\/04-25-13\">Corte Federal en California Sostiene que la Compa\u00f1\u00eda de Aventuras de Viaje para Adolescentes no esta Exenta de Leyes Pago de Tiempo Extra y Salario M\u00ednimo<\/a><br \/>\nAbril 25, 2013, Oakland, CA<\/p>\n<p class=\"\" style=\"white-space: pre-wrap;\"><a href=\"\/04-24-13-2\">El Director del Bufete de Brian Schwartz es Elegido a la Junta Directiva de la Asociaci\u00f3n de Abogados de Empleo<\/a><br \/>\nAbril 25, 2013, Oakland, CA<\/p>\n<p class=\"\" style=\"white-space: pre-wrap;\"><a href=\"\/04-10-13\">Evaluadores Residenciales Demandan al Banco de America por Sueldos no Pagados<\/a><br \/>\nAbril 10, 2013, Oakland, CA<\/p>\n<p class=\"\" style=\"white-space: pre-wrap;\"><a href=\"\/04-01-13\">JPMorgan Chase es Demandado por Evaluadores Comerciales Clasificados Incorrectamente<\/a><br \/>\nAbril 1, 2013, Oakland, CA<\/p>\n<p class=\"\" style=\"white-space: pre-wrap;\"><a href=\"\/01-09-13\">Global Ground Transportation Company Carey Limousine es Demandada por Choferes Basado en Requerimiento de Comisiones Il\u00edcitas y Sueldos no Pagados<\/a><br \/>\nEnero 9 2013, San Francisco, CA<\/p>\n<p class=\"\" style=\"white-space: pre-wrap;\"><a href=\"\/08-29-12\">Patelco Demandado por Sueldos no Pagados por Asistente de Sucursal Clasificado Incorrectamente<\/a><br \/>\nAgosto 29, 2012, Oakland, CA<\/p>\n<p class=\"\" style=\"white-space: pre-wrap;\"><a href=\"\/07-09-12\">Abogados del Bufete de Brian Schwartz Nombrados \u201cEstrellas en Ascenso\u201d en el Norte de California por la revista Super Lawyers Magazine<\/a><br \/>\nJulio 9, 2012, Oakland, CA<\/p>\n<p class=\"\" style=\"white-space: pre-wrap;\"><a href=\"\/05-25-12\">El Bufete de Brian Schwartz Contrata a Joseph Spandola como Asociado por el Periodo de Verano en el Despacho de Derechos Civiles y Empleo Basado en Oakland<\/a><br \/>\nMayo 25, 2012, Oakland, CA<\/p>\n<p class=\"\" style=\"white-space: pre-wrap;\"><a href=\"\/02-21-12\">Lideres de Viaje Presentan Demanda Colectiva por Tiempo Extra no Pagado<\/a><br \/>\nFebrero 21, 2012, San Francisco, CA<\/p>\n<p class=\"\" style=\"white-space: pre-wrap;\"><a href=\"\/02-08-12\">El Bufete de Brian Schwartz y la Oficina Especial Del Asesor Jur\u00eddico de Los Estados Unidos Resuelven un Reclamo en Favor de Delator de Irregularidades del IRS<\/a><br \/>\nFebrero 8, 2012, Oakland, CA<\/p>\n<p class=\"\" style=\"white-space: pre-wrap;\"><a href=\"\/07-20-11\">Abogados del Bufete de Brian Schwartz Nombrados \u201cEstrellas en Ascenso\u201d en el Norte de California por la revista Super Lawyers Magazine<\/a><br \/>\nJulio 20, 2011, Oakland, CA<\/p>\n<p class=\"\" style=\"white-space: pre-wrap;\"><a href=\"\/05-23-11\">El Bufete de Brian Schwartz Contrata a Tommy Rimbach como Asociado del Periodo de Verano en el Despacho de Derechos Civiles y Empleo Basado en Oakland<\/a><br \/>\nMayo 23, 2011, Oakland, CA<\/p>\n<p class=\"\" style=\"white-space: pre-wrap;\"><a href=\"\/04-27-11\">Disability Rights Organizations Expresa Apoyo a Demanda Colectiva en Favor de Solicitantes Discapacitados del Servicio Exterior<\/a><br \/>\nAbril 27, 2011, Washington, DC<\/p>\n<p class=\"\" style=\"white-space: pre-wrap;\"><a href=\"\/04-01-13\">Demanda Hist\u00f3rica Trata de Abrir Acceso a Agentes Discapacitados del Servicio Exterior al Departamento de Estado: Agente Miembro de la Clase era un Candidato Calificado que Paso Ex\u00e1menes Rigurosos y Fue Negado Empleo Basado Solamente en su Condici\u00f3n Medica<\/a><br \/>\nOctubre 5, 2010, Oakland, CA<\/p>\n<p class=\"\" style=\"white-space: pre-wrap;\"><a href=\"\/10-06-10\">JPmorgan Chase Demandado Por Salarios No Pagados a Evaluadores Clasificados Incorrectamente<\/a><br \/>\nOctubre 7<br \/>\n,\u00a0 2010, New York, NY<\/p>\n<p class=\"\" style=\"white-space: pre-wrap;\"><a href=\"\/05-05-10\">EL Bufete de Brian Schwartz Contrata Eric Barba como Asociado por el Periodo de Verano en el Despacho de Derechos Civiles y Empleo Basado en Oakland<\/a><br \/>\nMayo 5, 2010, Oakland, CA<\/p>\n<p class=\"\" style=\"white-space: pre-wrap;\"><a href=\"\/04-09-10\">Corte Aprueba Aproximadamente $1 mill\u00f3n de D\u00f3lares para Darle Alivio a Docenas de Supervisores de Tiendas SamsoniteIncorrectamente Clasificados, en un Acuerdo Negociado por el Bufete de Bryan Schwartzen una Demanda Colectiva de Tiempo extra y Sueldos<\/a><br \/>\nAbril 9, 2010, San Francisco, CA<\/p>\n<p class=\"\" style=\"white-space: pre-wrap;\"><a href=\"\/06-02-09\">La Junta de Gobernadores del Colegio de Abogados Estatal de California Elige al Abogado Brian Schwartz al Comit\u00e9 Ejecutivo de la Secci\u00f3n de Ley de Empleo<\/a><br \/>\nJunio 2, 2009, Oakland, CA<\/p>\n<p class=\"\" style=\"white-space: pre-wrap;\"><a href=\"\/01-06-09\">EL abogado Brian Schwartz Abre Despacho de Derechos Civiles y Empleo Basado en Oakland<\/a><br \/>\nEnero 6, 2009, Oakland, CA<\/p>\n","protected":false},"excerpt":{"rendered":"<p>NOTICIAS La estrategia de arbitraje corporativo fracasa: acuerdo de seis millones de d\u00f3lares para m\u00e1s de 500 trabajadores 14 de [&hellip;]<\/p>\n","protected":false},"author":18,"featured_media":0,"parent":0,"menu_order":0,"comment_status":"closed","ping_status":"closed","template":"","meta":{"_acf_changed":false,"_oasis_is_in_workflow":0,"_oasis_original":0,"_oasis_task_priority":"","footnotes":""},"class_list":["post-642","page","type-page","status-publish","hentry","entry"],"acf":[],"_links":{"self":[{"href":"https:\/\/www.bryanschwartzlaw.com\/es\/wp-json\/wp\/v2\/pages\/642","targetHints":{"allow":["GET"]}}],"collection":[{"href":"https:\/\/www.bryanschwartzlaw.com\/es\/wp-json\/wp\/v2\/pages"}],"about":[{"href":"https:\/\/www.bryanschwartzlaw.com\/es\/wp-json\/wp\/v2\/types\/page"}],"author":[{"embeddable":true,"href":"https:\/\/www.bryanschwartzlaw.com\/es\/wp-json\/wp\/v2\/users\/18"}],"replies":[{"embeddable":true,"href":"https:\/\/www.bryanschwartzlaw.com\/es\/wp-json\/wp\/v2\/comments?post=642"}],"version-history":[{"count":4,"href":"https:\/\/www.bryanschwartzlaw.com\/es\/wp-json\/wp\/v2\/pages\/642\/revisions"}],"predecessor-version":[{"id":8230,"href":"https:\/\/www.bryanschwartzlaw.com\/es\/wp-json\/wp\/v2\/pages\/642\/revisions\/8230"}],"wp:attachment":[{"href":"https:\/\/www.bryanschwartzlaw.com\/es\/wp-json\/wp\/v2\/media?parent=642"}],"curies":[{"name":"wp","href":"https:\/\/api.w.org\/{rel}","templated":true}]}}