{"id":4657,"date":"2022-03-15T01:36:23","date_gmt":"2022-03-15T06:36:23","guid":{"rendered":"http:\/\/bryanschwartzlaw.com\/contact\/"},"modified":"2026-03-30T10:08:23","modified_gmt":"2026-03-30T15:08:23","slug":"contact","status":"publish","type":"page","link":"https:\/\/www.bryanschwartzlaw.com\/es\/contact\/","title":{"rendered":"Contacto"},"content":{"rendered":"<div class=\"cntpg-adrsec fw\">\n<div class=\"container\">\n<div class=\"cntpg-adrlft\">\n<div class=\"cnt-adritem adr\">\n<h5>Direcci\u00f3n<\/h5>\n<p><a href=\"https:\/\/www.google.com\/maps\/place\/Bryan+Schwartz+Law\/@37.8113605,-122.2625972,15z\/data=!4m2!3m1!1s0x0:0xddbce98faf393c22?sa=X&amp;ved=2ahUKEwjM-sDMztL0AhU_jYkEHcSZBvUQ_BJ6BAhIEAU\" target=\"_blank\" rel=\"noopener\">180 Grand Ave.<br \/>\nSuite 1380<br \/>\nOakland, CA 94612<\/a><\/p>\n<\/div>\n<div class=\"cnt-adritem pho\">\n<h6>Llamar : <a href=\"tel:888-891-8489\"> 888-891-8489 <\/a><\/h6>\n<\/div>\n<div class=\"cnt-adritem fax\">\n<h6>Fax : 510-444-9301<\/h6>\n<\/div>\n<\/div>\n<div class=\"cntpg-scl\">\n<h3>S\u00edganos<\/h3>\n<div class=\"cntpg-sclicns\"><a class=\"cnt-fb\" href=\"https:\/\/www.facebook.com\/bryanschwartzlaw\" target=\"_blank\" rel=\"noopener\">Facebook<\/a><a class=\"cnt-ins\" href=\"https:\/\/www.google.com\/maps\/place\/Bryan+Schwartz+Law\/@37.8113605,-122.2625972,15z\/data=!4m5!3m4!1s0x0:0xddbce98faf393c22!8m2!3d37.8113605!4d-122.2625972\" target=\"_blank\" rel=\"noopener\">google<\/a><a class=\"cnt-lin\" href=\"https:\/\/www.linkedin.com\/in\/bryanschwartzlaw\" target=\"_blank\" rel=\"noopener\">Linkedin<\/a><\/div>\n<\/div>\n<\/div>\n<\/div>\n<div class=\"cntpg-frm inn fw\">\n<div class=\"container\">\n<h2>Actualizaci\u00f3n: 24 de marzo de 2026<\/h2>\n<p>En este momento no estamos aceptando casos nuevos. No vamos a estar revisando nuevas solicitudes por el momento, pero si gusta, cont\u00e1ctenos de nuevo en junio de 2026 para ver si ya tenemos espacio.<\/p>\n<p>Si ya tiene un caso con nosotros o es parte de una de nuestras demandas colectivas, por favor d\u00e9jenos un mensaje aqu\u00ed abajo o ll\u00e1menos al (510) 444-9300. No estaremos muy pendientes del correo de &#8216;solicitudes nuevas&#8217; durante este tiempo.<\/p>\n<\/div>\n<\/div>\n<div class=\"cntpg-frm ntic\">\n<div class=\"container\">\n<div class=\"cnt-pg-frm-section\"><script>\nvar gform;gform||(document.addEventListener(\"gform_main_scripts_loaded\",function(){gform.scriptsLoaded=!0}),document.addEventListener(\"gform\/theme\/scripts_loaded\",function(){gform.themeScriptsLoaded=!0}),window.addEventListener(\"DOMContentLoaded\",function(){gform.domLoaded=!0}),gform={domLoaded:!1,scriptsLoaded:!1,themeScriptsLoaded:!1,isFormEditor:()=>\"function\"==typeof InitializeEditor,callIfLoaded:function(o){return!(!gform.domLoaded||!gform.scriptsLoaded||!gform.themeScriptsLoaded&&!gform.isFormEditor()||(gform.isFormEditor()&&console.warn(\"The use of gform.initializeOnLoaded() is deprecated in the form editor context and will be removed in Gravity Forms 3.1.\"),o(),0))},initializeOnLoaded:function(o){gform.callIfLoaded(o)||(document.addEventListener(\"gform_main_scripts_loaded\",()=>{gform.scriptsLoaded=!0,gform.callIfLoaded(o)}),document.addEventListener(\"gform\/theme\/scripts_loaded\",()=>{gform.themeScriptsLoaded=!0,gform.callIfLoaded(o)}),window.addEventListener(\"DOMContentLoaded\",()=>{gform.domLoaded=!0,gform.callIfLoaded(o)}))},hooks:{action:{},filter:{}},addAction:function(o,r,e,t){gform.addHook(\"action\",o,r,e,t)},addFilter:function(o,r,e,t){gform.addHook(\"filter\",o,r,e,t)},doAction:function(o){gform.doHook(\"action\",o,arguments)},applyFilters:function(o){return gform.doHook(\"filter\",o,arguments)},removeAction:function(o,r){gform.removeHook(\"action\",o,r)},removeFilter:function(o,r,e){gform.removeHook(\"filter\",o,r,e)},addHook:function(o,r,e,t,n){null==gform.hooks[o][r]&&(gform.hooks[o][r]=[]);var d=gform.hooks[o][r];null==n&&(n=r+\"_\"+d.length),gform.hooks[o][r].push({tag:n,callable:e,priority:t=null==t?10:t})},doHook:function(r,o,e){var t;if(e=Array.prototype.slice.call(e,1),null!=gform.hooks[r][o]&&((o=gform.hooks[r][o]).sort(function(o,r){return o.priority-r.priority}),o.forEach(function(o){\"function\"!=typeof(t=o.callable)&&(t=window[t]),\"action\"==r?t.apply(null,e):e[0]=t.apply(null,e)})),\"filter\"==r)return e[0]},removeHook:function(o,r,t,n){var e;null!=gform.hooks[o][r]&&(e=(e=gform.hooks[o][r]).filter(function(o,r,e){return!!(null!=n&&n!=o.tag||null!=t&&t!=o.priority)}),gform.hooks[o][r]=e)}});\n<\/script>\n\n                <div class='gf_browser_gecko gform_wrapper gravity-theme gform-theme--no-framework' data-form-theme='gravity-theme' data-form-index='0' id='gform_wrapper_10' ><div id='gf_10' class='gform_anchor' tabindex='-1'><\/div><form method='post' enctype='multipart\/form-data'  id='gform_10'  action='\/es\/wp-json\/wp\/v2\/pages\/4657#gf_10' data-formid='10' novalidate autocomplete=\"password\" autocomplete=\"password\"> \r\n <input type='hidden' class='gforms-pum' value='{\"closepopup\":false,\"closedelay\":0,\"openpopup\":false,\"openpopup_id\":0}' \/>\n                        <div class='gform-body gform_body'><div id='gform_fields_10' class='gform_fields top_label form_sublabel_below description_below validation_below'><div id=\"field_10_6\" class=\"gfield gfield--type-text gfield--input-type-text gfield--width-full name, half_fld gfield_contains_required field_sublabel_below gfield--no-description field_description_below field_validation_below gfield_visibility_visible\"  ><label class='gfield_label gform-field-label' for='input_10_6'>Nombre y apellidos<span class=\"gfield_required\"><span class=\"gfield_required gfield_required_text\">(Obligatorio)<\/span><\/span><\/label><div class='ginput_container ginput_container_text'><input autocomplete=\"password\"  autocomplete=\"password\"  name='input_6' id='input_10_6' type='text' value='' class='large'     aria-required=\"true\" aria-invalid=\"false\"   \/><\/div><\/div><div id=\"field_10_5\" class=\"gfield gfield--type-email gfield--input-type-email gfield--width-full name, half_fld gfield_contains_required field_sublabel_below gfield--no-description field_description_below field_validation_below gfield_visibility_visible\"  ><label class='gfield_label gform-field-label' for='input_10_5'>Correo electr\u00f3nico<span class=\"gfield_required\"><span class=\"gfield_required gfield_required_text\">(Obligatorio)<\/span><\/span><\/label><div class='ginput_container ginput_container_email'>\n                            <input autocomplete=\"password\"  autocomplete=\"password\"  name='input_5' id='input_10_5' type='email' value='' class='large'    aria-required=\"true\" aria-invalid=\"false\"  \/>\n                        <\/div><\/div><div id=\"field_10_7\" class=\"gfield gfield--type-phone gfield--input-type-phone gfield--width-full gfield_contains_required field_sublabel_below gfield--no-description field_description_below field_validation_below gfield_visibility_visible\"  ><label class='gfield_label gform-field-label' for='input_10_7'>N\u00famero de tel\u00e9fono<span class=\"gfield_required\"><span class=\"gfield_required gfield_required_text\">(Obligatorio)<\/span><\/span><\/label><div class='ginput_container ginput_container_phone'><input autocomplete=\"password\"  autocomplete=\"password\"  name='input_7' id='input_10_7' type='tel' value='' class='large'   aria-required=\"true\" aria-invalid=\"false\"   \/><\/div><\/div><div id=\"field_10_3\" class=\"gfield gfield--type-textarea gfield--input-type-textarea gfield_contains_required field_sublabel_below gfield--no-description field_description_above field_validation_below gfield_visibility_visible\"  ><label class='gfield_label gform-field-label' for='input_10_3'>Mensaje<span class=\"gfield_required\"><span class=\"gfield_required gfield_required_text\">(Obligatorio)<\/span><\/span><\/label><div class='ginput_container ginput_container_textarea'><textarea autocomplete=\"password\"  autocomplete=\"password\"  name='input_3' id='input_10_3' class='textarea medium'   maxlength='600'  aria-required=\"true\" aria-invalid=\"false\"   rows='10' cols='50'><\/textarea><\/div><\/div><\/div><\/div>\n        <div class='gform-footer gform_footer top_label'> <input type='submit' id='gform_submit_button_10' class='gform_button button' onclick='gform.submission.handleButtonClick(this);' data-submission-type='submit' value='Submit'  \/> \n            <input type='hidden' class='gform_hidden' name='gform_submission_method' data-js='gform_submission_method_10' value='postback' \/>\n            <input type='hidden' class='gform_hidden' name='gform_theme' data-js='gform_theme_10' id='gform_theme_10' value='gravity-theme' \/>\n            <input type='hidden' class='gform_hidden' name='gform_style_settings' data-js='gform_style_settings_10' id='gform_style_settings_10' value='[]' \/>\n            <input type='hidden' class='gform_hidden' name='is_submit_10' value='1' \/>\n            <input type='hidden' class='gform_hidden' name='gform_submit' value='10' \/>\n            \n            <input type='hidden' class='gform_hidden' name='gform_currency' data-currency='USD' value='OADDuwAPzVmrst8qXyONxquOOju+Lqsy6HQfGWNBTf\/5arRsqsH4KllLqQeWsmHgFwPDnrT8v6uGzd8w\/SYWAtC+pKwccMA+v1+c\/wRtM09E\/W4=' \/>\n            <input type='hidden' class='gform_hidden' name='gform_unique_id' value='' \/>\n            <input type='hidden' class='gform_hidden' name='state_10' value='WyJbXSIsImVlYjAzNTI5Zjg5NTkxNzk1YWFiODdlYTE1ZGJjNTk2Il0=' \/>\n            <input type='hidden' autocomplete='off' class='gform_hidden' name='gform_target_page_number_10' id='gform_target_page_number_10' value='0' \/>\n            <input type='hidden' autocomplete='off' class='gform_hidden' name='gform_source_page_number_10' id='gform_source_page_number_10' value='1' \/>\n            <input type='hidden' name='gform_field_values' value='' \/>\n            \n        <\/div>\n                        <input type=\"hidden\" id=\"ct_checkjs_3def184ad8f4755ff269862ea77393dd\" name=\"ct_checkjs\" value=\"0\" \/><script >setTimeout(function(){var ct_input_name = \"ct_checkjs_3def184ad8f4755ff269862ea77393dd\";if (document.getElementById(ct_input_name) !== null) {var ct_input_value = document.getElementById(ct_input_name).value;document.getElementById(ct_input_name).value = document.getElementById(ct_input_name).value.replace(ct_input_value, '26843c5a2a2b0531e0b620b570487fe15012fa775294cb879d32b584c3873e76');}}, 1000);<\/script><input\n                    class=\"apbct_special_field apbct_email_id__gravity_form\"\n                    name=\"apbct__email_id__gravity_form\"\n                    aria-label=\"apbct__label_id__gravity_form\"\n                    type=\"text\" size=\"30\" maxlength=\"200\" autocomplete=\"off\"\n                    value=\"\"\n                \/><p style=\"display: none !important;\" class=\"akismet-fields-container\" data-prefix=\"ak_\"><label>&#916;<textarea name=\"ak_hp_textarea\" cols=\"45\" rows=\"8\" maxlength=\"100\"><\/textarea><\/label><input type=\"hidden\" id=\"ak_js_1\" name=\"ak_js\" value=\"134\"\/><script>document.getElementById( \"ak_js_1\" ).setAttribute( \"value\", ( new Date() ).getTime() );<\/script><\/p><\/form>\n                        <\/div><script>\ngform.initializeOnLoaded( function() {gformInitSpinner( 10, 'https:\/\/www.bryanschwartzlaw.com\/wp-content\/plugins\/gravityforms\/images\/spinner.svg', true );jQuery('#gform_ajax_frame_10').on('load',function(){var contents = jQuery(this).contents().find('*').html();var is_postback = contents.indexOf('GF_AJAX_POSTBACK') >= 0;if(!is_postback){return;}var form_content = jQuery(this).contents().find('#gform_wrapper_10');var is_confirmation = jQuery(this).contents().find('#gform_confirmation_wrapper_10').length > 0;var is_redirect = contents.indexOf('gformRedirect(){') >= 0;var is_form = form_content.length > 0 && ! is_redirect && ! is_confirmation;var mt = parseInt(jQuery('html').css('margin-top'), 10) + parseInt(jQuery('body').css('margin-top'), 10) + 100;if(is_form){jQuery('#gform_wrapper_10').html(form_content.html());if(form_content.hasClass('gform_validation_error')){jQuery('#gform_wrapper_10').addClass('gform_validation_error');} else {jQuery('#gform_wrapper_10').removeClass('gform_validation_error');}setTimeout( function() { \/* delay the scroll by 50 milliseconds to fix a bug in chrome *\/ jQuery(document).scrollTop(jQuery('#gform_wrapper_10').offset().top - mt); }, 50 );if(window['gformInitDatepicker']) {gformInitDatepicker();}if(window['gformInitPriceFields']) {gformInitPriceFields();}var current_page = jQuery('#gform_source_page_number_10').val();gformInitSpinner( 10, 'https:\/\/www.bryanschwartzlaw.com\/wp-content\/plugins\/gravityforms\/images\/spinner.svg', true );jQuery(document).trigger('gform_page_loaded', [10, current_page]);window['gf_submitting_10'] = false;}else if(!is_redirect){var confirmation_content = jQuery(this).contents().find('.GF_AJAX_POSTBACK').html();if(!confirmation_content){confirmation_content = contents;}jQuery('#gform_wrapper_10').replaceWith(confirmation_content);jQuery(document).scrollTop(jQuery('#gf_10').offset().top - mt);jQuery(document).trigger('gform_confirmation_loaded', [10]);window['gf_submitting_10'] = false;wp.a11y.speak(jQuery('#gform_confirmation_message_10').text());}else{jQuery('#gform_10').append(contents);if(window['gformRedirect']) {gformRedirect();}}jQuery(document).trigger(\"gform_pre_post_render\", [{ formId: \"10\", currentPage: \"current_page\", abort: function() { this.preventDefault(); } }]);        if (event && event.defaultPrevented) {                return;        }        const gformWrapperDiv = document.getElementById( \"gform_wrapper_10\" );        if ( gformWrapperDiv ) {            const visibilitySpan = document.createElement( \"span\" );            visibilitySpan.id = \"gform_visibility_test_10\";            gformWrapperDiv.insertAdjacentElement( \"afterend\", visibilitySpan );        }        const visibilityTestDiv = document.getElementById( \"gform_visibility_test_10\" );        let postRenderFired = false;        function triggerPostRender() {            if ( postRenderFired ) {                return;            }            postRenderFired = true;            gform.core.triggerPostRenderEvents( 10, current_page );            if ( visibilityTestDiv ) {                visibilityTestDiv.parentNode.removeChild( visibilityTestDiv );            }        }        function debounce( func, wait, immediate ) {            var timeout;            return function() {                var context = this, args = arguments;                var later = function() {                    timeout = null;                    if ( !immediate ) func.apply( context, args );                };                var callNow = immediate && !timeout;                clearTimeout( timeout );                timeout = setTimeout( later, wait );                if ( callNow ) func.apply( context, args );            };        }        const debouncedTriggerPostRender = debounce( function() {            triggerPostRender();        }, 200 );        if ( visibilityTestDiv && visibilityTestDiv.offsetParent === null ) {            const observer = new MutationObserver( ( mutations ) => {                mutations.forEach( ( mutation ) => {                    if ( mutation.type === 'attributes' && visibilityTestDiv.offsetParent !== null ) {                        debouncedTriggerPostRender();                        observer.disconnect();                    }                });            });            observer.observe( document.body, {                attributes: true,                childList: false,                subtree: true,                attributeFilter: [ 'style', 'class' ],            });        } else {            triggerPostRender();        }    } );} );\n<\/script>\n<\/div>\n<\/div>\n<\/div>\n<div class=\"cntpg-map fw\"><iframe style=\"border: 0;\" src=\"https:\/\/www.google.com\/maps\/embed?pb=!1m18!1m12!1m3!1d3152.0900162669495!2d-122.26478588433024!3d37.81136047975281!2m3!1f0!2f0!3f0!3m2!1i1024!2i768!4f13.1!3m3!1m2!1s0x808f875286605357%3A0xddbce98faf393c22!2sBryan%20Schwartz%20Law!5e0!3m2!1sen!2sin!4v1646049582422!5m2!1sen!2sin\" width=\"100%\" height=\"800\" allowfullscreen=\"allowfullscreen\"><\/iframe><\/div>\n","protected":false},"excerpt":{"rendered":"<p>Direcci\u00f3n 180 Grand Ave. Suite 1380 Oakland, CA 94612 Llamar : 888-891-8489 Fax : 510-444-9301 S\u00edganos FacebookgoogleLinkedin Actualizaci\u00f3n: 24 de [&hellip;]<\/p>\n","protected":false},"author":18,"featured_media":0,"parent":0,"menu_order":0,"comment_status":"closed","ping_status":"closed","template":"template-parts\/contact-page.php","meta":{"_acf_changed":false,"_oasis_is_in_workflow":0,"_oasis_original":0,"_oasis_task_priority":"","footnotes":""},"class_list":["post-4657","page","type-page","status-publish","hentry","entry"],"acf":[],"_links":{"self":[{"href":"https:\/\/www.bryanschwartzlaw.com\/es\/wp-json\/wp\/v2\/pages\/4657","targetHints":{"allow":["GET"]}}],"collection":[{"href":"https:\/\/www.bryanschwartzlaw.com\/es\/wp-json\/wp\/v2\/pages"}],"about":[{"href":"https:\/\/www.bryanschwartzlaw.com\/es\/wp-json\/wp\/v2\/types\/page"}],"author":[{"embeddable":true,"href":"https:\/\/www.bryanschwartzlaw.com\/es\/wp-json\/wp\/v2\/users\/18"}],"replies":[{"embeddable":true,"href":"https:\/\/www.bryanschwartzlaw.com\/es\/wp-json\/wp\/v2\/comments?post=4657"}],"version-history":[{"count":11,"href":"https:\/\/www.bryanschwartzlaw.com\/es\/wp-json\/wp\/v2\/pages\/4657\/revisions"}],"predecessor-version":[{"id":8642,"href":"https:\/\/www.bryanschwartzlaw.com\/es\/wp-json\/wp\/v2\/pages\/4657\/revisions\/8642"}],"wp:attachment":[{"href":"https:\/\/www.bryanschwartzlaw.com\/es\/wp-json\/wp\/v2\/media?parent=4657"}],"curies":[{"name":"wp","href":"https:\/\/api.w.org\/{rel}","templated":true}]}}