{"id":4250,"date":"2022-03-03T12:29:44","date_gmt":"2022-03-03T18:29:44","guid":{"rendered":"http:\/\/bryanschwartzlaw.com\/bryan-schwartz\/"},"modified":"2026-01-28T12:43:36","modified_gmt":"2026-01-28T18:43:36","slug":"bryan-schwartz","status":"publish","type":"page","link":"https:\/\/www.bryanschwartzlaw.com\/es\/attorneys\/bryan-schwartz\/","title":{"rendered":"Bryan Schwartz"},"content":{"rendered":"<h2>Bryan Schwartz<\/h2>\n<p>Un licenciado inteligente y tenaz, Bryan Schwartz ha representado los intereses de sus clientes ante varios \u00f3rganosjur\u00eddicos, del Tribunal de Distrito de los Estados Unidos, a los Tribunales de Apelaciones de los Estados Unidos; de los Tribunales Superiores de California, al Tribunal Superior de California; de la Comisi\u00f3n para la Igualdad de Oportunidades en el Empleo, al Merit Systems Protection Board; delDepartamento del Trabajo de Los Estados Unidos, a arbitraje laboral ante la American Arbitration Association y otras organizaciones. El licenciado Schwartz ha ayudado a muchos clientes agradecidos para que pudieran reanudar sus carreras despu\u00e9s de que empleadores inescrupulosos las han descarrilado, obteniendo millones de d\u00f3lares en recuperaciones para empleados a trav\u00e9s del pa\u00eds.<\/p>\n<p>Los esfuerzos del licenciado Schwartz en defensa de los delatores de irregularidades y v\u00edctimas de discriminaci\u00f3n se han publicado a nivel mundial, del The Washington Post al The Wall Street Journal, del National Public Radio al MSNBC, del Voice of America al Hindustani Times de la India. El licenciado Schwartz ha desarrollado una especializaci\u00f3n en las denuncias particulares de los empleados federales y ha tomado el liderazgo en casos de demanda colectiva con varios demandantes sobre horas extras y otras violaciones de salario bajo las leyes estatales y federales a trav\u00e9s de Los Estados Unidos.<\/p>\n<p>Antes de fundar su propio despacho, el licenciado Schwartz dirigi\u00f3 la oficina de <a href=\"http:\/\/www.nka.com\/\" target=\"_blank\" rel=\"noopener\">Nichols Kaster, LLP<\/a> en San Francisco, California. Previamente, el licenciado Schwartz ejerc\u00eda con la oficina de <a href=\"http:\/\/www.nka.com\/\" target=\"_blank\" rel=\"noopener\">Passman y Kaplan, PC<\/a> en Washington D.C. y fue un asistentejur\u00eddico para el Honorable Franklin Van Antwerpen, quien actualmente es un alto miembro del Tribunal Federal de Apelaciones del Tercer Circuito.<\/p>\n<p>El licenciado Schwartz es un miembro del <a href=\"http:\/\/laborlaw.calbar.ca.gov\/LaborLaw\/ExecutiveCommittee.aspx\" target=\"_blank\" rel=\"noopener\">State Bar of California\u2019s Labor and Employment Law Section Executive Committee<\/a>. Es Presidente de FAIR, una organizaci\u00f3n no lucrativa dedicada a incrementar la diversidad de abogados que se especializan en representar demandantes en el \u00e1rea de derecho laboral. Es un miembro de la <a href=\"http:\/\/www.cela.org\/\" target=\"_blank\" rel=\"noopener\">Asociaci\u00f3n de Abogados Laborales de California<\/a>, y da <a href=\"http:\/\/www.las-elc.org\/\" target=\"_blank\" rel=\"noopener\">conferencias con regularidad en el Centro de la Ley de Empleo.<\/a><\/p>\n<p>El licenciado Schwartz ha presidido la reuni\u00f3n anual de los 7200 miembros de la Secci\u00f3n de Ley de Trabajo y Empleo de la Conferencia de Sueldo y Hora del Colegio de Abogados de California. Ha sido elegido para presidir la Secci\u00f3n de Ley de Trabajo y Empleo de CELA. Ha ayudado a establecer la Beca para Justicia del Empleado, para ayudar estudiantes de leyes de cualquier procedencia para incorporarse al ejercicio de representar trabajadores, y la Reunion Cumbre sobre Diversidad anual de CELA, en la cual cientos de abogados de trabajo y empleo se re\u00fanen a discutir como desarrollar oportunidades de liderazgo para un grupo de abogados diversos en ese campo, y para superar prejuicios en la profesi\u00f3n. El licenciado Schwartz particip\u00f3 en varios casos decisivos como amicus curiae en favor de CELAante el Tribunal Superior de California incluyendo Brinker Restaurant Corp. v. Superior Court, Kirby v. Immoos Fire Protection, y Duran v. US Bank.<\/p>\n<p>El licenciado Schwartz es uno de los oradores y escritores mas prol\u00edficos en California acerca de ley del empleo. El ha hecho presentaciones continuamente con el Colegio de Abogados del Estado, la Asociaci\u00f3n Nacional de Abogados de Empleo, CELA, y en muchos otros lugares, desde el programa de NPR \u201cYour Legal Rights\u201d, hasta la Comisi\u00f3n en Derechos del los Discapacitados del ABA, JAMS (el proveedor de arbitraje y mediaci\u00f3n). Sus art\u00edculos han sido publicados en el California Labor and Employment Law Review, Plaintiff Magazine, y otros medios. <a href=\"http:\/\/bryanschwartzlaw.blogspot.com\/\" target=\"_blank\" rel=\"noopener\">El Blog del Bufete<\/a>, es una fuente de informaci\u00f3n para juristas, abogados, y trabajadores a nivel nacional.<\/p>\n","protected":false},"excerpt":{"rendered":"<p>Bryan Schwartz Un licenciado inteligente y tenaz, Bryan Schwartz ha representado los intereses de sus clientes ante varios \u00f3rganosjur\u00eddicos, del [&hellip;]<\/p>\n","protected":false},"author":5,"featured_media":7213,"parent":7783,"menu_order":0,"comment_status":"closed","ping_status":"closed","template":"template-parts\/bryan-profile-page.php","meta":{"_acf_changed":false,"_oasis_is_in_workflow":0,"_oasis_original":0,"_oasis_task_priority":"","footnotes":""},"class_list":["post-4250","page","type-page","status-publish","has-post-thumbnail","hentry","entry"],"acf":[],"_links":{"self":[{"href":"https:\/\/www.bryanschwartzlaw.com\/es\/wp-json\/wp\/v2\/pages\/4250","targetHints":{"allow":["GET"]}}],"collection":[{"href":"https:\/\/www.bryanschwartzlaw.com\/es\/wp-json\/wp\/v2\/pages"}],"about":[{"href":"https:\/\/www.bryanschwartzlaw.com\/es\/wp-json\/wp\/v2\/types\/page"}],"author":[{"embeddable":true,"href":"https:\/\/www.bryanschwartzlaw.com\/es\/wp-json\/wp\/v2\/users\/5"}],"replies":[{"embeddable":true,"href":"https:\/\/www.bryanschwartzlaw.com\/es\/wp-json\/wp\/v2\/comments?post=4250"}],"version-history":[{"count":45,"href":"https:\/\/www.bryanschwartzlaw.com\/es\/wp-json\/wp\/v2\/pages\/4250\/revisions"}],"predecessor-version":[{"id":7004,"href":"https:\/\/www.bryanschwartzlaw.com\/es\/wp-json\/wp\/v2\/pages\/4250\/revisions\/7004"}],"up":[{"embeddable":true,"href":"https:\/\/www.bryanschwartzlaw.com\/es\/wp-json\/wp\/v2\/pages\/7783"}],"wp:featuredmedia":[{"embeddable":true,"href":"https:\/\/www.bryanschwartzlaw.com\/es\/wp-json\/wp\/v2\/media\/7213"}],"wp:attachment":[{"href":"https:\/\/www.bryanschwartzlaw.com\/es\/wp-json\/wp\/v2\/media?parent=4250"}],"curies":[{"name":"wp","href":"https:\/\/api.w.org\/{rel}","templated":true}]}}