{"id":4232,"date":"2022-03-15T01:36:25","date_gmt":"2022-03-15T06:36:25","guid":{"rendered":"http:\/\/bryanschwartzlaw.com\/practice-areas\/whistleblower\/"},"modified":"2022-04-04T16:54:34","modified_gmt":"2022-04-04T21:54:34","slug":"whistleblower","status":"publish","type":"page","link":"https:\/\/www.bryanschwartzlaw.com\/es\/practice-areas\/whistleblower\/","title":{"rendered":"Denunciantes"},"content":{"rendered":"<h1>Bay Area Abogados de Denunciantes<\/h1>\n<p>Un denunciante de irregularidades es alguien que defiende lo que \u00e9l o ella cree que es justo. Reportando el fraude o alg\u00fan incumplimiento de la ley, regla o regulaci\u00f3n en algunos casos, el desperdicio de fondos, mala gesti\u00f3n o abuso de autoridad. Los denunciantes de irregularidades pueden ser empleados del gobierno o ciudadanos privados, dependiendo de las circunstancias.<\/p>\n<p>Los denunciantes de irregularidades que reportan reclamos falsos de contratistas gubernamentales, que est\u00e1n estafando al gobierno, pueden ayudar al gobierno a recuperar fondos perdidos y quedarse con una porci\u00f3n de lo que se recupera. El estatuto federal que provee el derecho a dichas recuperaciones es, el Federal False Claims Act.<\/p>\n<p>Los empleados no gubernamentales que denuncian violaciones ambientales, de salud o de seguridad; violaciones de valores financieros o alg\u00fan otro tipo de actividad il\u00edcita y quienes sufren alguna acci\u00f3n en contra de ellos en el trabajo por presentar una queja, pueden presentar un reclamo dentro de 30 d\u00edas ante el\u00a0<a href=\"http:\/\/www.oalj.dol.gov\/\" target=\"_blank\" rel=\"noopener\">Departamento del Trabajo de los Estados Unidos<\/a>. Despu\u00e9s de una investigaci\u00f3n, usted puede tener una audiencia con un juez de ley administrativa en el departamento y revocar la acci\u00f3n contra usted, adem\u00e1s de recuperar da\u00f1os y perjuicios.<\/p>\n<p>Entre empleados federales, bajo el acta de protecci\u00f3n de denunciantes de irregularidades, un denunciante es alguien que reporta fraude o un incumplimiento de la ley, regla o regulaci\u00f3n. En algunos casos, el desperdicio de recursos, mala gesti\u00f3n, abuso de autoridad o una violaci\u00f3n de ley, regla o regulaci\u00f3n por parte de una agencia del gobierno estadounidense. Lo que usted est\u00e1 informando debe ser razonable, pero finalmente no necesita demostrar que es verdadero. Usted debe presentar su queja ante un empleado en administraci\u00f3n, diferente al infractor. Las agencias tienen Inspectores Generales (IG) para recibir e investigar estas quejas, pero no es obligatorio informar al IG para ser un denunciante de irregularidades.<\/p>\n<p>Despu\u00e9s de que un <a href=\"https:\/\/www.bryanschwartzlaw.com\/bryan-schwartz-espanol\/areas-de-practica\/empleados-federales\/\">empleado federal<\/a> ha presentado una queja, si los gerentes tienen conocimiento de esta y toman <a href=\"https:\/\/www.bryanschwartzlaw.com\/bryan-schwartz-espanol\/areas-de-practica\/represalias\/\">represalias<\/a> contra ese empleado, lo que tiende a disuadir a los empleados de quejarse en el futuro, usted puede presentar un reclamo ante\u00a0<a href=\"https:\/\/osc.gov\/#https:\/\/osc.gov\/\" target=\"_blank\" rel=\"noopener\">United States Office of Special Counsel<\/a>. Despu\u00e9s de 120 d\u00edas, usted puede presentar un reclamo de derecho de acci\u00f3n individual ante\u00a0<a href=\"http:\/\/www.mspb.gov\/\" target=\"_blank\" rel=\"noopener\">Merit Systems Protection Board<\/a>.<\/p>\n<p>Ya sea que haya o no presentado una queja, por favor, contacte a<a href=\"https:\/\/www.bryanschwartzlaw.com\/bryan-schwartz-espanol\/contacto\/\">\u00a0Bryan Schwartz<\/a>\u00a0si usted cree que ha sido sometido a cualquier tipo de discriminaci\u00f3n laboral y necesita el consejo de un abogado.<\/p>\n","protected":false},"excerpt":{"rendered":"<p>Bay Area Abogados de Denunciantes Un denunciante de irregularidades es alguien que defiende lo que \u00e9l o ella cree que [&hellip;]<\/p>\n","protected":false},"author":5,"featured_media":8385,"parent":3802,"menu_order":0,"comment_status":"closed","ping_status":"closed","template":"","meta":{"_acf_changed":false,"_oasis_is_in_workflow":0,"_oasis_original":0,"_oasis_task_priority":"","footnotes":""},"class_list":["post-4232","page","type-page","status-publish","has-post-thumbnail","hentry","entry"],"acf":[],"_links":{"self":[{"href":"https:\/\/www.bryanschwartzlaw.com\/es\/wp-json\/wp\/v2\/pages\/4232","targetHints":{"allow":["GET"]}}],"collection":[{"href":"https:\/\/www.bryanschwartzlaw.com\/es\/wp-json\/wp\/v2\/pages"}],"about":[{"href":"https:\/\/www.bryanschwartzlaw.com\/es\/wp-json\/wp\/v2\/types\/page"}],"author":[{"embeddable":true,"href":"https:\/\/www.bryanschwartzlaw.com\/es\/wp-json\/wp\/v2\/users\/5"}],"replies":[{"embeddable":true,"href":"https:\/\/www.bryanschwartzlaw.com\/es\/wp-json\/wp\/v2\/comments?post=4232"}],"version-history":[{"count":2,"href":"https:\/\/www.bryanschwartzlaw.com\/es\/wp-json\/wp\/v2\/pages\/4232\/revisions"}],"predecessor-version":[{"id":5621,"href":"https:\/\/www.bryanschwartzlaw.com\/es\/wp-json\/wp\/v2\/pages\/4232\/revisions\/5621"}],"up":[{"embeddable":true,"href":"https:\/\/www.bryanschwartzlaw.com\/es\/wp-json\/wp\/v2\/pages\/3802"}],"wp:featuredmedia":[{"embeddable":true,"href":"https:\/\/www.bryanschwartzlaw.com\/es\/wp-json\/wp\/v2\/media\/8385"}],"wp:attachment":[{"href":"https:\/\/www.bryanschwartzlaw.com\/es\/wp-json\/wp\/v2\/media?parent=4232"}],"curies":[{"name":"wp","href":"https:\/\/api.w.org\/{rel}","templated":true}]}}